{"id":240,"date":"2015-09-18T14:02:59","date_gmt":"2015-09-18T11:02:59","guid":{"rendered":"http:\/\/pixel-industry.com\/dummy_wp\/trucking\/?page_id=240"},"modified":"2021-03-17T23:30:30","modified_gmt":"2021-03-17T20:30:30","slug":"filo","status":"publish","type":"page","link":"https:\/\/jetglobe.com.tr\/index.php\/filo\/","title":{"rendered":"BOMBARDIER GLOBAL EXPRESS XRS"},"content":{"rendered":"<section class='page-content' style=''  ><section class='container'><div class='row' style='margin-bottom: 40px ;'><div class='col-md-12 ' style='' ><div class='nivo-wrapper'><div class='nivoSlider' data-manual='1' data-pause='3000' data-navigation='1' data-pause-hover='1'><img src='https:\/\/jetglobe.com.tr\/wp-content\/uploads\/2020\/07\/2-2.jpg' alt='slider image' title='#htmlcaption-0'\/><\/div><div id='htmlcaption-0' class='nivo-html-caption'>2<\/div><\/div><\/div><\/div><div class='row' style=''><div class='col-md-12 ' style='' ><div class='custom-heading'>\n                            <h2>BOMBARDIER GLOBAL EXPRESS XRS<\/h2>                            \n                        <\/div><div style='margin-bottom: 40px;' class=''><div class='cma-wysiwyg-editor'><p>Global Express, yak\u0131t ikmali yap\u0131lmadan k\u0131talararas\u0131 menzillerde veya d\u00fcnyada birbirine en uzaktaki iki nokta aras\u0131nda sadece bir kez durarak u\u00e7abilmektedir<\/p><div><strong>Yap\u0131m Y\u0131l\u0131\u00a0;<\/strong> 2010\u00a0<\/div><div><strong>Oturma Kapasitesi\u00a0;<\/strong> 14<\/div><div><strong>Maksimum H\u0131z\u00a0;<\/strong> 950km\/h<\/div><div><strong>Maksimum Menzil\u00a0;<\/strong> 13.400 KM<\/div><div><strong>Maksimum Y\u00fckseklik\u00a0;<\/strong> 51.000 FT<\/div><p><\/p><p><\/p><\/div><\/div><ul class='company-timeline clearfix'><li>\n                            <div class='icon-date-container'>\n                                <i class='fa fa fa-calendar'><\/i>\n                            <\/div>\n\n                            <div class='timeline-item-details'>\n                                <h3><span class='year'>2010<\/span> BOMBARDIER GLOBAL EXPRESS XRS<\/h3>\n\n                                <p>BOMBARDIER GLOBAL EXPRESS XRS<\/p>\n                            <\/div>\n                        <\/li><\/ul><\/div><\/div><\/section><\/section>","protected":false},"excerpt":{"rendered":"","protected":false},"author":1,"featured_media":0,"parent":0,"menu_order":0,"comment_status":"closed","ping_status":"closed","template":"","meta":{"om_disable_all_campaigns":false,"inline_featured_image":false,"_mi_skip_tracking":false,"footnotes":""},"aioseo_notices":[],"_links":{"self":[{"href":"https:\/\/jetglobe.com.tr\/index.php\/wp-json\/wp\/v2\/pages\/240"}],"collection":[{"href":"https:\/\/jetglobe.com.tr\/index.php\/wp-json\/wp\/v2\/pages"}],"about":[{"href":"https:\/\/jetglobe.com.tr\/index.php\/wp-json\/wp\/v2\/types\/page"}],"author":[{"embeddable":true,"href":"https:\/\/jetglobe.com.tr\/index.php\/wp-json\/wp\/v2\/users\/1"}],"replies":[{"embeddable":true,"href":"https:\/\/jetglobe.com.tr\/index.php\/wp-json\/wp\/v2\/comments?post=240"}],"version-history":[{"count":6,"href":"https:\/\/jetglobe.com.tr\/index.php\/wp-json\/wp\/v2\/pages\/240\/revisions"}],"predecessor-version":[{"id":1316,"href":"https:\/\/jetglobe.com.tr\/index.php\/wp-json\/wp\/v2\/pages\/240\/revisions\/1316"}],"wp:attachment":[{"href":"https:\/\/jetglobe.com.tr\/index.php\/wp-json\/wp\/v2\/media?parent=240"}],"curies":[{"name":"wp","href":"https:\/\/api.w.org\/{rel}","templated":true}]}}