{"id":2039,"date":"2024-10-17T09:45:52","date_gmt":"2024-10-17T06:45:52","guid":{"rendered":"https:\/\/jetglobe.com.tr\/?page_id=2039"},"modified":"2024-10-17T13:41:33","modified_gmt":"2024-10-17T10:41:33","slug":"falcon-2000-akd","status":"publish","type":"page","link":"https:\/\/jetglobe.com.tr\/index.php\/falcon-2000-akd\/","title":{"rendered":"FALCON 2000"},"content":{"rendered":"<section class='page-content' style=''  ><section class='container'><div class='row' style=''><div class='col-md-12 ' style='' ><div class='triggerAnimation animated' data-animate='flash' ><div class='custom-heading'>\n                            <h2>FALCON 2000<\/h2>                            \n                        <\/div><\/div><div class='nivo-wrapper'><div class='nivoSlider' data-manual='1' data-pause='3000' data-navigation='1' data-pause-hover='1'><img src='https:\/\/jetglobe.com.tr\/wp-content\/uploads\/2024\/10\/3-8.jpg' alt='slider image' title='#htmlcaption-0'\/><img src='https:\/\/jetglobe.com.tr\/wp-content\/uploads\/2024\/10\/4-7.jpg' alt='slider image' title='#htmlcaption-1'\/><\/div><div id='htmlcaption-0' class='nivo-html-caption'><\/div><div id='htmlcaption-1' class='nivo-html-caption'><\/div><\/div><div class='cma-wysiwyg-editor'><p>Falcon 2000 geni\u015f ve ferah bir i\u00e7 kabin ve bagaj kapasitesine sahip, uzun menzilli bir u\u00e7akt\u0131r.<br \/>\u00dcss\u00fc \u0130stanbul Atat\u00fcrk Havaliman\u0131 olan TC-AKD, konforu ve h\u0131z\u0131 ile u\u00e7ak kiralama hizmetleri i\u00e7in haz\u0131rd\u0131r.<\/p><p>Yap\u0131m Y\u0131l\u0131 : 2002<br \/>Yolcu Kapasitesi : 10+3<br \/>Maksimum Menzil : 3.130 MIL<br \/>Kabin y\u00fcksekli\u011fi : 1.83 m<br \/>Kabin uzunlu\u011fu : 7,92 m<br \/>Kabin geni\u015fli\u011fi : 2,13 m<br \/>Bagaj Kapasitesi : 134 FT\u00b3<br \/>Kanat A\u00e7\u0131kl\u0131\u011f\u0131 : 19 M<\/p><p><\/p><\/div><ul class='company-timeline clearfix'><li>\n                            <div class='icon-date-container'>\n                                <i class='fa fa-calendar'><\/i>\n                            <\/div>\n\n                            <div class='timeline-item-details'>\n                                <h3><span class='year'>2002<\/span> FALCON 2000<\/h3>\n\n                                <p>FALCON 2000<\/p>\n                            <\/div>\n                        <\/li><\/ul><\/div><\/div><\/section><\/section>","protected":false},"excerpt":{"rendered":"","protected":false},"author":1,"featured_media":0,"parent":0,"menu_order":0,"comment_status":"closed","ping_status":"closed","template":"","meta":{"om_disable_all_campaigns":false,"inline_featured_image":false,"_mi_skip_tracking":false,"footnotes":""},"aioseo_notices":[],"_links":{"self":[{"href":"https:\/\/jetglobe.com.tr\/index.php\/wp-json\/wp\/v2\/pages\/2039"}],"collection":[{"href":"https:\/\/jetglobe.com.tr\/index.php\/wp-json\/wp\/v2\/pages"}],"about":[{"href":"https:\/\/jetglobe.com.tr\/index.php\/wp-json\/wp\/v2\/types\/page"}],"author":[{"embeddable":true,"href":"https:\/\/jetglobe.com.tr\/index.php\/wp-json\/wp\/v2\/users\/1"}],"replies":[{"embeddable":true,"href":"https:\/\/jetglobe.com.tr\/index.php\/wp-json\/wp\/v2\/comments?post=2039"}],"version-history":[{"count":2,"href":"https:\/\/jetglobe.com.tr\/index.php\/wp-json\/wp\/v2\/pages\/2039\/revisions"}],"predecessor-version":[{"id":2045,"href":"https:\/\/jetglobe.com.tr\/index.php\/wp-json\/wp\/v2\/pages\/2039\/revisions\/2045"}],"wp:attachment":[{"href":"https:\/\/jetglobe.com.tr\/index.php\/wp-json\/wp\/v2\/media?parent=2039"}],"curies":[{"name":"wp","href":"https:\/\/api.w.org\/{rel}","templated":true}]}}