{"id":7,"date":"2015-09-15T08:38:36","date_gmt":"2015-09-15T08:38:36","guid":{"rendered":"http:\/\/pixel-industry.com\/dummy_wp\/trucking\/?page_id=7"},"modified":"2023-07-23T15:57:39","modified_gmt":"2023-07-23T12:57:39","slug":"contact-simple","status":"publish","type":"page","link":"http:\/\/jetglobe.com.tr\/index.php\/contact-simple\/","title":{"rendered":"\u0130leti\u015fim Adresi"},"content":{"rendered":"<section class='page-content' style=''  ><section class='container'><div class='row' style=''><div class='col-md-6 ' style='' ><div class='custom-heading'>\n                            <h4>\u0130leti\u015fim Formu<\/h4>                            \n                        <\/div><div class='cma-wysiwyg-editor'><p><br \/>JetGlobe\u00a0hakk\u0131nda \u00f6neri ve g\u00f6r\u00fc\u015flerinizi bizimle payla\u015fmak i\u00e7in a\u015fa\u011f\u0131daki ileti\u015fim formunu doldurarak bize g\u00f6nderebilirsiniz.<br \/> <br \/> <\/p><\/div><div class=\"cma-wp-widget widget widget_text cma_widget_text\" id=\"cma-widget-WP_Widget_Text-3\">\t\t\t<div class=\"textwidget\">\n<div role=\"form\" class=\"wpcf7\" id=\"wpcf7-f6-o1\" lang=\"en-US\" dir=\"ltr\">\n<div class=\"screen-reader-response\"><p role=\"status\" aria-live=\"polite\" aria-atomic=\"true\"><\/p> <ul><\/ul><\/div>\n<form action=\"\/index.php\/wp-json\/wp\/v2\/pages\/7#wpcf7-f6-o1\" method=\"post\" class=\"wpcf7-form init\" novalidate=\"novalidate\" data-status=\"init\">\n<div style=\"display: none;\">\n<input type=\"hidden\" name=\"_wpcf7\" value=\"6\" \/>\n<input type=\"hidden\" name=\"_wpcf7_version\" value=\"5.4\" \/>\n<input type=\"hidden\" name=\"_wpcf7_locale\" value=\"en_US\" \/>\n<input type=\"hidden\" name=\"_wpcf7_unit_tag\" value=\"wpcf7-f6-o1\" \/>\n<input type=\"hidden\" name=\"_wpcf7_container_post\" value=\"0\" \/>\n<input type=\"hidden\" name=\"_wpcf7_posted_data_hash\" value=\"\" \/>\n<\/div>\n<fieldset>\n<label>\u0130sim: <\/label><span class=\"wpcf7-form-control-wrap your-name\"><input type=\"text\" name=\"your-name\" value=\"\" size=\"40\" class=\"wpcf7-form-control wpcf7-text wpcf7-validates-as-required\" aria-required=\"true\" aria-invalid=\"false\" \/><\/span><\/fieldset>\n<fieldset>\n<label>Soy \u0130sim: <\/label><span class=\"wpcf7-form-control-wrap your-surname\"><input type=\"text\" name=\"your-surname\" value=\"\" size=\"40\" class=\"wpcf7-form-control wpcf7-text wpcf7-validates-as-required\" aria-required=\"true\" aria-invalid=\"false\" \/><\/span><\/fieldset>\n<fieldset>\n<label>E-mail Addresi: (**)<\/label><span class=\"wpcf7-form-control-wrap your-email\"><input type=\"email\" name=\"your-email\" value=\"\" size=\"40\" class=\"wpcf7-form-control wpcf7-text wpcf7-email wpcf7-validates-as-required wpcf7-validates-as-email\" aria-required=\"true\" aria-invalid=\"false\" \/><\/span><\/fieldset>\n<fieldset>\n<label>Mesaj\u0131n\u0131z: <\/label><span class=\"wpcf7-form-control-wrap your-message\"><textarea name=\"your-message\" cols=\"40\" rows=\"10\" class=\"wpcf7-form-control wpcf7-textarea\" aria-invalid=\"false\"><\/textarea><\/span><\/fieldset>\n<p><input type=\"submit\" value=\"G\u00d6NDER\" class=\"wpcf7-form-control wpcf7-submit\" \/><\/p>\n<div class=\"wpcf7-response-output\" aria-hidden=\"true\"><\/div><\/form><\/div>\n\n<\/div>\n\t\t<\/div><\/div><div class='col-md-6 ' style='' ><div class='custom-heading'>\n                            <h3>\u0130LET\u0130\u015e\u0130M B\u0130LG\u0130LER\u0130M\u0130Z<\/h3>                            \n                        <\/div><div class='cma-wysiwyg-editor'><p><iframe loading=\"lazy\" src=\"https:\/\/www.google.com\/maps\/d\/u\/2\/embed?mid=1DWNKVTAyey2I-ZYzmIRdzeNuGUVtvRG3\" width=\"500\" height=\"500\"><\/iframe><\/p><\/div><div class='custom-heading'>\n                            <h4>JETGLOBE Havac\u0131l\u0131k Ta\u015f\u0131mac\u0131l\u0131k ve Ticaret A.\u015e<\/h4>                            \n                        <\/div><div class='cma-wysiwyg-editor'><p><\/p><div class=\"adresdiv\"><strong style=\"font-size: 14px; color: #09c;\">MERKEZ :<\/strong><br \/>\u015eENL\u0130KK\u00d6Y MH. \u00c7ATAL SK. IHLAMUR EVLER\u0130 NO: 7\/2A FLORYA\/ \u0130STANBUL T\u00dcRK\u0130YE<p>TEL : (+90) 212 574 40 10<br \/>FAX : (+90) 212 574 40 15<\/p><\/div><div class=\"adresdiv\"><strong style=\"font-size: 14px; color: #09c;\">HAVAL\u0130MANI :<\/strong><br \/>ATAT\u00dcRK HAVAL\u0130MANI, GENEL HAVACILIK TERM\u0130NAL\u0130 34149 SEFAK\u00d6Y \u0130STANBUL \/ T\u00dcRK\u0130YE<p>TEL : (+90) 212 580 67 67<br \/>FAX : (+90) 212 541 97 97<\/p><\/div><div><div style=\"float: left;\"><div class=\"adresdiv\"><strong style=\"font-size: 14px; color: #09c;\">E-mail : <\/strong>info@jetglobe.com.tr<\/div><\/div><div style=\"float: left;\"><div class=\"adresdiv\"><strong style=\"font-size: 14px; color: #09c;\">E-mail : <\/strong>sales@jetglobe.com.tr<\/div><\/div><div style=\"clear: both; float: none;\">\u00a0<\/div><\/div><p><\/p><\/div><\/div><\/div><\/section><\/section>","protected":false},"excerpt":{"rendered":"","protected":false},"author":1,"featured_media":0,"parent":0,"menu_order":0,"comment_status":"closed","ping_status":"closed","template":"","meta":{"om_disable_all_campaigns":false,"inline_featured_image":false,"_mi_skip_tracking":false,"footnotes":""},"aioseo_notices":[],"_links":{"self":[{"href":"http:\/\/jetglobe.com.tr\/index.php\/wp-json\/wp\/v2\/pages\/7"}],"collection":[{"href":"http:\/\/jetglobe.com.tr\/index.php\/wp-json\/wp\/v2\/pages"}],"about":[{"href":"http:\/\/jetglobe.com.tr\/index.php\/wp-json\/wp\/v2\/types\/page"}],"author":[{"embeddable":true,"href":"http:\/\/jetglobe.com.tr\/index.php\/wp-json\/wp\/v2\/users\/1"}],"replies":[{"embeddable":true,"href":"http:\/\/jetglobe.com.tr\/index.php\/wp-json\/wp\/v2\/comments?post=7"}],"version-history":[{"count":8,"href":"http:\/\/jetglobe.com.tr\/index.php\/wp-json\/wp\/v2\/pages\/7\/revisions"}],"predecessor-version":[{"id":1306,"href":"http:\/\/jetglobe.com.tr\/index.php\/wp-json\/wp\/v2\/pages\/7\/revisions\/1306"}],"wp:attachment":[{"href":"http:\/\/jetglobe.com.tr\/index.php\/wp-json\/wp\/v2\/media?parent=7"}],"curies":[{"name":"wp","href":"https:\/\/api.w.org\/{rel}","templated":true}]}}