{"id":219,"date":"2015-09-18T13:35:22","date_gmt":"2015-09-18T13:35:22","guid":{"rendered":"http:\/\/pixel-industry.com\/dummy_wp\/trucking\/?page_id=219"},"modified":"2022-08-20T01:45:40","modified_gmt":"2022-08-19T22:45:40","slug":"about-compact","status":"publish","type":"page","link":"http:\/\/jetglobe.com.tr\/index.php\/about-compact\/","title":{"rendered":"Hakk\u0131m\u0131zda"},"content":{"rendered":"<section class='page-content' style=''  ><section class='container'><div class='row' style=''><div class='col-md-6 ' style='' ><div class='custom-heading'>\n                            <h2>JETGLOBE HAVACILIK H\u0130ZMETLER\u0130<\/h2>                            \n                        <\/div><div class='cma-wysiwyg-editor'><p><\/p><p>\u015eirketimiz JetGlobe, 2017 y\u0131l\u0131nda Bilen Havac\u0131l\u0131k b\u00fcnyesine kat\u0131lm\u0131\u015f olup 2008 y\u0131l\u0131ndan beri faaliyet g\u00f6sterdi\u011fi T\u00fcrkmenAir ad\u0131n\u0131 JetGlobe olarak yenileyip \u0130stanbul Atat\u00fcrk Havaliman\u0131 merkezli \u00f6zel u\u00e7ak i\u015fletme ve airtaxi hizmetlerini vermeye devam etmektedir. Bilen Havac\u0131l\u0131k grup \u015firketleri alt\u0131nda JetGlobe olarak \u00f6zel u\u00e7ak kiralama, i\u015fletme, u\u00e7ak sat\u0131n al\u0131m\u0131 ve sat\u0131m\u0131 hizmetlerimizi, 2022 y\u0131l\u0131nda faaliyete ge\u00e7en \u0130stanbul Atat\u00fcrk Havaliman\u0131\u2019ndaki yeni hangar\u0131m\u0131zda s\u00fcrd\u00fcrmeye devam ediyoruz.<br \/>Filosunda 5 u\u00e7ak bulunan \u015firketimiz JetGlobe, b\u00f6lgesinde vermi\u015f oldu\u011fu kaliteli ve butik hizmet anlay\u0131\u015f\u0131yla lider firmalardan birisidir.<br \/><br \/><\/p><\/div><\/div><div class='col-md-6 ' style='' ><img src='http:\/\/jetglobe.com.tr\/wp-content\/uploads\/2016\/02\/img26.jpg' class='left' title='img26' alt='img26' width='554' height='255'\/><div class='clearfix'><\/div><\/div><\/div><\/section><\/section><section class='page-content custom-background color-background' style='background-color: #f4fcfc;margin-bottom: 80px;'  ><section class='container'><div class='row' style=''><div class='col-md-6 ' style='' ><div class='custom-heading'>\n                            <h2>M\u0130SYONUMUZ<\/h2>                            \n                        <\/div><div class='cma-wysiwyg-editor'>\nD\u00fcnya standartlar\u0131na uygun olarak sekt\u00f6r\u00fcn \u00f6nde gelen Air Taxi \u015firketlerinden biri olmak.\n\nFarkl\u0131 u\u00e7u\u015f noktalar\u0131ndaki yeni d\u00fczenlemeleri takip ederek, her t\u00fcrl\u00fc  talebi kar\u015f\u0131layabilmek.\n<\/div><\/div><div class='col-md-6 ' style='' ><div class='custom-heading'>\n                            <h2>AYRICALIKLARIMIZ<\/h2>                            \n                        <\/div><ul class='fa-ul default'><li><i class='fa fa-li fa-paint-brush'><\/i>Sadece size ve beraberinizdekilere tahsis edilmi\u015f u\u00e7ak,<\/li><li><i class='fa fa-li fa-paint-brush'><\/i>\u0130ste\u011finize \u00f6zel haz\u0131rlanm\u0131\u015f ikram, yemek ve i\u00e7ecekler,<\/li><li><i class='fa fa-li fa-paint-brush'><\/i>Havalimanlar\u0131nda VIP veya \u00f6zel terminal kullanma imkan\u0131,<\/li><li><i class='fa fa-li fa-paint-brush'><\/i>Bilet, bini\u015f kart\u0131, check-in yapt\u0131rman\u0131za gerek olmadan u\u00e7abilme,<\/li><li><i class='fa fa-li fa-paint-brush'><\/i>Havalimanlar\u0131nda VIP ara\u00e7lar ile u\u00e7a\u011fa ula\u015f\u0131m,<\/li><li><i class='fa fa-li fa-paint-brush'><\/i>Terminale geldi\u011finiz andan itibaren bagajlar\u0131n\u0131z bizim himayemizde,<\/li><\/ul><\/div><\/div><div class='row' style=''><div class='col-md-12 ' style='' ><div class='custom-heading02'>\n                            <h2>PARTNERS <\/h2>\n                            \n                        <\/div><\/div><\/div><div class='row' style=''><div class='col-md-12 ' style='' ><div class='cma-wysiwyg-editor'><p><\/p><p style=\"text-align: center;\"><span style=\"font-size: 13pt;\"><span style=\"color: #000000;\"><strong><span style=\"font-size: 16.0pt;\">JetGlobe, AOC' yi sunmak i\u00e7in Elit'Avia ile partner oldu<\/span><\/strong><\/span><\/span><\/p><p><strong><span style=\"font-size: 16px;\">Merkezi Malta, Safi\u2019de bulunan ve 2006 y\u0131l\u0131nda kurulan Elit Avia; 16 y\u0131l\u0131 a\u015fk\u0131n sekt\u00f6r uzmanl\u0131\u011f\u0131na ve kusursuz bir faaliyet ge\u00e7mi\u015fine sahiptir. Kapsaml\u0131 hizmet portf\u00f6y\u00fcm\u00fczden uygun maliyetli, talebinize \u00f6zel \u00e7\u00f6z\u00fcmler sunma amac\u0131m\u0131zla, ihtiya\u00e7lar\u0131n\u0131z i\u00e7in m\u00fckemmel u\u00e7a\u011f\u0131 se\u00e7menize yard\u0131mc\u0131 olacak tavsiye ve rehberlikle u\u00e7ak sat\u0131\u015f\u0131 ve kiralama konusunda uzman\u0131z. Enfes kabin donat\u0131m hizmetimiz, u\u00e7a\u011f\u0131n\u0131z\u0131 tamamen kendi zevkinize ve standartlar\u0131n\u0131za g\u00f6re ki\u015fiselle\u015ftirmenizi sa\u011flar. Net-Zero olmay\u0131 hedeflerken, i\u015fimizi ve s\u00fcrd\u00fcrebilirli\u011fi destekleyen yeni Elit Avia Ye\u015fil Kart projemize ba\u015far\u0131yla ba\u015flad\u0131k.<\/span><\/strong><\/p><p><\/p><\/div><\/div><\/div><div class='row' style='margin-top: -15px;'><div class='col-md-12 ' style='' ><a href='https:\/\/elitavia.com\/about-us\/#' target='_blank'><img src='http:\/\/jetglobe.com.tr\/wp-content\/uploads\/2022\/08\/ElitAvia-Logo.png' class='left' title='ElitAvia-Logo' alt='ElitAvia-Logo' width='6422' height='1863'\/><\/a><div class='clearfix'><\/div><\/div><\/div><\/section><\/section><section class='page-content' style=''  ><section class='container'><div class='row' style=''><div class='col-md-12 ' style='' ><div class='custom-heading02'>\n                            <h2>GRUP \u015e\u0130RKETLER\u0130<\/h2>\n                            \n                        <\/div><\/div><\/div><div class='row' style=''><div class='col-md-4 col-sm-6' style='' ><div class='services-element service-feature-box '>\n                            <div class='service-media'>\n                                <img src='http:\/\/jetglobe.com.tr\/wp-content\/uploads\/bfi_thumb\/B1-mn2eterxnzmzdbxsdfggnjas41f1jsldkko6uaobjk.jpg' alt='checklist icon'>\n                                \n                                <a href='http:\/\/www.bilenair.com.tr\/' class='read-more02'><span>\n                                Siteye Git..\n                                <i class='fa fa-chevron-right'><\/i>\n                            <\/span><\/a>                                \n                            <\/div>\n\n                            <div class='service-body'>\n                                <div class='custom-heading'>\n                                    <a href='http:\/\/www.bilenair.com.tr\/'><h4>B\u0130LEN AIR<\/h4><\/a>\n                                <\/div>\n\n                                <p>B\u0130LEN AIR HAVACILIK H\u0130ZMETLER\u0130\n<\/p>\n                            <\/div>\n                        <\/div><\/div><div class='col-md-4 col-sm-6' style='' ><div class='services-element service-feature-box '>\n                            <div class='service-media'>\n                                <img src='http:\/\/jetglobe.com.tr\/wp-content\/uploads\/bfi_thumb\/B3-mn2eui95n150wycfywisk9c5280gj2y3q02kzx1sa8.jpg' alt='checklist icon'>\n                                \n                                <a href='http:\/\/www.bildays.com\/' class='read-more02'><span>\n                                Siteye Git..\n                                <i class='fa fa-chevron-right'><\/i>\n                            <\/span><\/a>                                \n                            <\/div>\n\n                            <div class='service-body'>\n                                <div class='custom-heading'>\n                                    <a href='http:\/\/www.bildays.com\/'><h4>BILDAYS<\/h4><\/a>\n                                <\/div>\n\n                                <p>BILDAYS TURIZM VE ACENTA HIZMETLERI\n<\/p>\n                            <\/div>\n                        <\/div><\/div><div class='col-md-4 col-sm-6' style='' ><div class='services-element service-feature-box '>\n                            <div class='service-media'>\n                                <img src='http:\/\/jetglobe.com.tr\/wp-content\/uploads\/bfi_thumb\/b4-mn2euz6921s6pxnv83u2t52fr5p2dmt9sbtbmwcp68.jpg' alt='checklist icon'>\n                                \n                                <a href='http:\/\/www.alacatimarina.com\/' class='read-more02'><span>\n                                Siteye Git..\n                                <i class='fa fa-chevron-right'><\/i>\n                            <\/span><\/a>                                \n                            <\/div>\n\n                            <div class='service-body'>\n                                <div class='custom-heading'>\n                                    <a href='http:\/\/www.alacatimarina.com\/'><h4>ALACATI MARINA<\/h4><\/a>\n                                <\/div>\n\n                                <p>ALACATI MARINA PALAS OTELCILIK HIZMETLERI \n<\/p>\n                            <\/div>\n                        <\/div><\/div><\/div><\/section><\/section>","protected":false},"excerpt":{"rendered":"","protected":false},"author":1,"featured_media":0,"parent":0,"menu_order":0,"comment_status":"closed","ping_status":"closed","template":"","meta":{"om_disable_all_campaigns":false,"inline_featured_image":false,"_mi_skip_tracking":false,"footnotes":""},"aioseo_notices":[],"_links":{"self":[{"href":"http:\/\/jetglobe.com.tr\/index.php\/wp-json\/wp\/v2\/pages\/219"}],"collection":[{"href":"http:\/\/jetglobe.com.tr\/index.php\/wp-json\/wp\/v2\/pages"}],"about":[{"href":"http:\/\/jetglobe.com.tr\/index.php\/wp-json\/wp\/v2\/types\/page"}],"author":[{"embeddable":true,"href":"http:\/\/jetglobe.com.tr\/index.php\/wp-json\/wp\/v2\/users\/1"}],"replies":[{"embeddable":true,"href":"http:\/\/jetglobe.com.tr\/index.php\/wp-json\/wp\/v2\/comments?post=219"}],"version-history":[{"count":16,"href":"http:\/\/jetglobe.com.tr\/index.php\/wp-json\/wp\/v2\/pages\/219\/revisions"}],"predecessor-version":[{"id":792,"href":"http:\/\/jetglobe.com.tr\/index.php\/wp-json\/wp\/v2\/pages\/219\/revisions\/792"}],"wp:attachment":[{"href":"http:\/\/jetglobe.com.tr\/index.php\/wp-json\/wp\/v2\/media?parent=219"}],"curies":[{"name":"wp","href":"https:\/\/api.w.org\/{rel}","templated":true}]}}