{"id":2089,"date":"2025-11-12T14:02:11","date_gmt":"2025-11-12T11:02:11","guid":{"rendered":"https:\/\/jetglobe.com.tr\/?page_id=2089"},"modified":"2025-11-12T14:07:40","modified_gmt":"2025-11-12T11:07:40","slug":"gulfstream-iv","status":"publish","type":"page","link":"http:\/\/jetglobe.com.tr\/index.php\/gulfstream-iv\/","title":{"rendered":"GULFSTREAM IV"},"content":{"rendered":"<p><img loading=\"lazy\" decoding=\"async\" class=\"alignnone size-full wp-image-2086\" src=\"http:\/\/jetglobe.com.tr\/wp-content\/uploads\/2025\/11\/WhatsApp-Image-2025-11-12-at-12.10.10-3.jpeg\" alt=\"\" width=\"1600\" height=\"1200\" srcset=\"http:\/\/jetglobe.com.tr\/wp-content\/uploads\/2025\/11\/WhatsApp-Image-2025-11-12-at-12.10.10-3.jpeg 1600w, http:\/\/jetglobe.com.tr\/wp-content\/uploads\/2025\/11\/WhatsApp-Image-2025-11-12-at-12.10.10-3-300x225.jpeg 300w, http:\/\/jetglobe.com.tr\/wp-content\/uploads\/2025\/11\/WhatsApp-Image-2025-11-12-at-12.10.10-3-1024x768.jpeg 1024w, http:\/\/jetglobe.com.tr\/wp-content\/uploads\/2025\/11\/WhatsApp-Image-2025-11-12-at-12.10.10-3-768x576.jpeg 768w, http:\/\/jetglobe.com.tr\/wp-content\/uploads\/2025\/11\/WhatsApp-Image-2025-11-12-at-12.10.10-3-1536x1152.jpeg 1536w\" sizes=\"(max-width: 1600px) 100vw, 1600px\" \/><\/p>\n<p data-start=\"226\" data-end=\"268\">Kanat a\u00e7\u0131kl\u0131\u011f\u0131: 23.7 m<br data-start=\"248\" data-end=\"251\" \/>Uzunluk: 26.9 m<\/p>\n<p data-start=\"270\" data-end=\"342\">KAB\u0130N BOYUTLARI<br data-start=\"285\" data-end=\"288\" \/>Y\u00fckseklik: 1.9 m<br data-start=\"304\" data-end=\"307\" \/>Geni\u015flik: 2.3 m<br data-start=\"322\" data-end=\"325\" \/>Uzunluk: 13.7 m<\/p>\n<p data-start=\"344\" data-end=\"360\">Yap\u0131m y\u0131l\u0131: 2002<\/p>\n\n\t\t<style type=\"text\/css\">\n\t\t\t#gallery-1 {\n\t\t\t\tmargin: auto;\n\t\t\t}\n\t\t\t#gallery-1 .gallery-item {\n\t\t\t\tfloat: left;\n\t\t\t\tmargin-top: 10px;\n\t\t\t\ttext-align: center;\n\t\t\t\twidth: 33%;\n\t\t\t}\n\t\t\t#gallery-1 img {\n\t\t\t\tborder: 2px solid #cfcfcf;\n\t\t\t}\n\t\t\t#gallery-1 .gallery-caption {\n\t\t\t\tmargin-left: 0;\n\t\t\t}\n\t\t\t\/* see gallery_shortcode() in wp-includes\/media.php *\/\n\t\t<\/style>\n\t\t<div id='gallery-1' class='gallery galleryid-2089 gallery-columns-3 gallery-size-thumbnail'><dl class='gallery-item'>\n\t\t\t<dt class='gallery-icon landscape'>\n\t\t\t\t<a href='http:\/\/jetglobe.com.tr\/wp-content\/uploads\/2025\/11\/WhatsApp-Image-2025-11-12-at-12.10.16-1.jpeg' rel=\"lightbox[gallery-0]\"><img loading=\"lazy\" decoding=\"async\" width=\"150\" height=\"150\" src=\"http:\/\/jetglobe.com.tr\/wp-content\/uploads\/2025\/11\/WhatsApp-Image-2025-11-12-at-12.10.16-1-150x150.jpeg\" class=\"attachment-thumbnail size-thumbnail\" alt=\"\" \/><\/a>\n\t\t\t<\/dt><\/dl><dl class='gallery-item'>\n\t\t\t<dt class='gallery-icon portrait'>\n\t\t\t\t<a href='http:\/\/jetglobe.com.tr\/wp-content\/uploads\/2025\/11\/WhatsApp-Image-2025-11-12-at-12.10.15.jpeg' rel=\"lightbox[gallery-0]\"><img loading=\"lazy\" decoding=\"async\" width=\"150\" height=\"150\" src=\"http:\/\/jetglobe.com.tr\/wp-content\/uploads\/2025\/11\/WhatsApp-Image-2025-11-12-at-12.10.15-150x150.jpeg\" class=\"attachment-thumbnail size-thumbnail\" alt=\"\" \/><\/a>\n\t\t\t<\/dt><\/dl><dl class='gallery-item'>\n\t\t\t<dt class='gallery-icon portrait'>\n\t\t\t\t<a href='http:\/\/jetglobe.com.tr\/wp-content\/uploads\/2025\/11\/WhatsApp-Image-2025-11-12-at-12.10.15-2.jpeg' rel=\"lightbox[gallery-0]\"><img loading=\"lazy\" decoding=\"async\" width=\"150\" height=\"150\" src=\"http:\/\/jetglobe.com.tr\/wp-content\/uploads\/2025\/11\/WhatsApp-Image-2025-11-12-at-12.10.15-2-150x150.jpeg\" class=\"attachment-thumbnail size-thumbnail\" alt=\"\" \/><\/a>\n\t\t\t<\/dt><\/dl><br style=\"clear: both\" \/><dl class='gallery-item'>\n\t\t\t<dt class='gallery-icon portrait'>\n\t\t\t\t<a href='http:\/\/jetglobe.com.tr\/wp-content\/uploads\/2025\/11\/WhatsApp-Image-2025-11-12-at-12.10.15-1.jpeg' rel=\"lightbox[gallery-0]\"><img loading=\"lazy\" decoding=\"async\" width=\"150\" height=\"150\" src=\"http:\/\/jetglobe.com.tr\/wp-content\/uploads\/2025\/11\/WhatsApp-Image-2025-11-12-at-12.10.15-1-150x150.jpeg\" class=\"attachment-thumbnail size-thumbnail\" alt=\"\" \/><\/a>\n\t\t\t<\/dt><\/dl><dl class='gallery-item'>\n\t\t\t<dt class='gallery-icon portrait'>\n\t\t\t\t<a href='http:\/\/jetglobe.com.tr\/wp-content\/uploads\/2025\/11\/WhatsApp-Image-2025-11-12-at-12.10.13.jpeg' rel=\"lightbox[gallery-0]\"><img loading=\"lazy\" decoding=\"async\" width=\"150\" height=\"150\" src=\"http:\/\/jetglobe.com.tr\/wp-content\/uploads\/2025\/11\/WhatsApp-Image-2025-11-12-at-12.10.13-150x150.jpeg\" class=\"attachment-thumbnail size-thumbnail\" alt=\"\" \/><\/a>\n\t\t\t<\/dt><\/dl><dl class='gallery-item'>\n\t\t\t<dt class='gallery-icon portrait'>\n\t\t\t\t<a href='http:\/\/jetglobe.com.tr\/wp-content\/uploads\/2025\/11\/WhatsApp-Image-2025-11-12-at-12.10.12.jpeg' rel=\"lightbox[gallery-0]\"><img loading=\"lazy\" decoding=\"async\" width=\"150\" height=\"150\" src=\"http:\/\/jetglobe.com.tr\/wp-content\/uploads\/2025\/11\/WhatsApp-Image-2025-11-12-at-12.10.12-150x150.jpeg\" class=\"attachment-thumbnail size-thumbnail\" alt=\"\" \/><\/a>\n\t\t\t<\/dt><\/dl><br style=\"clear: both\" \/><dl class='gallery-item'>\n\t\t\t<dt class='gallery-icon portrait'>\n\t\t\t\t<a href='http:\/\/jetglobe.com.tr\/wp-content\/uploads\/2025\/11\/WhatsApp-Image-2025-11-12-at-12.10.12-1.jpeg' rel=\"lightbox[gallery-0]\"><img loading=\"lazy\" decoding=\"async\" width=\"150\" height=\"150\" src=\"http:\/\/jetglobe.com.tr\/wp-content\/uploads\/2025\/11\/WhatsApp-Image-2025-11-12-at-12.10.12-1-150x150.jpeg\" class=\"attachment-thumbnail size-thumbnail\" alt=\"\" \/><\/a>\n\t\t\t<\/dt><\/dl><dl class='gallery-item'>\n\t\t\t<dt class='gallery-icon landscape'>\n\t\t\t\t<a href='http:\/\/jetglobe.com.tr\/wp-content\/uploads\/2025\/11\/WhatsApp-Image-2025-11-12-at-12.10.11.jpeg' rel=\"lightbox[gallery-0]\"><img loading=\"lazy\" decoding=\"async\" width=\"150\" height=\"150\" src=\"http:\/\/jetglobe.com.tr\/wp-content\/uploads\/2025\/11\/WhatsApp-Image-2025-11-12-at-12.10.11-150x150.jpeg\" class=\"attachment-thumbnail size-thumbnail\" alt=\"\" \/><\/a>\n\t\t\t<\/dt><\/dl><dl class='gallery-item'>\n\t\t\t<dt class='gallery-icon portrait'>\n\t\t\t\t<a href='http:\/\/jetglobe.com.tr\/wp-content\/uploads\/2025\/11\/WhatsApp-Image-2025-11-12-at-12.10.11-2.jpeg' rel=\"lightbox[gallery-0]\"><img loading=\"lazy\" decoding=\"async\" width=\"150\" height=\"150\" src=\"http:\/\/jetglobe.com.tr\/wp-content\/uploads\/2025\/11\/WhatsApp-Image-2025-11-12-at-12.10.11-2-150x150.jpeg\" class=\"attachment-thumbnail size-thumbnail\" alt=\"\" \/><\/a>\n\t\t\t<\/dt><\/dl><br style=\"clear: both\" \/><dl class='gallery-item'>\n\t\t\t<dt class='gallery-icon portrait'>\n\t\t\t\t<a href='http:\/\/jetglobe.com.tr\/wp-content\/uploads\/2025\/11\/WhatsApp-Image-2025-11-12-at-12.10.11-1.jpeg' rel=\"lightbox[gallery-0]\"><img loading=\"lazy\" decoding=\"async\" width=\"150\" height=\"150\" src=\"http:\/\/jetglobe.com.tr\/wp-content\/uploads\/2025\/11\/WhatsApp-Image-2025-11-12-at-12.10.11-1-150x150.jpeg\" class=\"attachment-thumbnail size-thumbnail\" alt=\"\" \/><\/a>\n\t\t\t<\/dt><\/dl><dl class='gallery-item'>\n\t\t\t<dt class='gallery-icon landscape'>\n\t\t\t\t<a href='http:\/\/jetglobe.com.tr\/wp-content\/uploads\/2025\/11\/WhatsApp-Image-2025-11-12-at-12.10.10.jpeg' rel=\"lightbox[gallery-0]\"><img loading=\"lazy\" decoding=\"async\" width=\"150\" height=\"150\" src=\"http:\/\/jetglobe.com.tr\/wp-content\/uploads\/2025\/11\/WhatsApp-Image-2025-11-12-at-12.10.10-150x150.jpeg\" class=\"attachment-thumbnail size-thumbnail\" alt=\"\" \/><\/a>\n\t\t\t<\/dt><\/dl><dl class='gallery-item'>\n\t\t\t<dt class='gallery-icon landscape'>\n\t\t\t\t<a href='http:\/\/jetglobe.com.tr\/wp-content\/uploads\/2025\/11\/WhatsApp-Image-2025-11-12-at-12.10.10-2.jpeg' rel=\"lightbox[gallery-0]\"><img loading=\"lazy\" decoding=\"async\" width=\"150\" height=\"150\" src=\"http:\/\/jetglobe.com.tr\/wp-content\/uploads\/2025\/11\/WhatsApp-Image-2025-11-12-at-12.10.10-2-150x150.jpeg\" class=\"attachment-thumbnail size-thumbnail\" alt=\"\" \/><\/a>\n\t\t\t<\/dt><\/dl><br style=\"clear: both\" \/><dl class='gallery-item'>\n\t\t\t<dt class='gallery-icon landscape'>\n\t\t\t\t<a href='http:\/\/jetglobe.com.tr\/wp-content\/uploads\/2025\/11\/WhatsApp-Image-2025-11-12-at-12.10.10-1.jpeg' rel=\"lightbox[gallery-0]\"><img loading=\"lazy\" decoding=\"async\" width=\"150\" height=\"150\" src=\"http:\/\/jetglobe.com.tr\/wp-content\/uploads\/2025\/11\/WhatsApp-Image-2025-11-12-at-12.10.10-1-150x150.jpeg\" class=\"attachment-thumbnail size-thumbnail\" alt=\"\" \/><\/a>\n\t\t\t<\/dt><\/dl><dl class='gallery-item'>\n\t\t\t<dt class='gallery-icon landscape'>\n\t\t\t\t<a href='http:\/\/jetglobe.com.tr\/wp-content\/uploads\/2025\/11\/WhatsApp-Image-2025-11-12-at-12.10.09.jpeg' rel=\"lightbox[gallery-0]\"><img loading=\"lazy\" decoding=\"async\" width=\"150\" height=\"150\" src=\"http:\/\/jetglobe.com.tr\/wp-content\/uploads\/2025\/11\/WhatsApp-Image-2025-11-12-at-12.10.09-150x150.jpeg\" class=\"attachment-thumbnail size-thumbnail\" alt=\"\" \/><\/a>\n\t\t\t<\/dt><\/dl><dl class='gallery-item'>\n\t\t\t<dt class='gallery-icon landscape'>\n\t\t\t\t<a href='http:\/\/jetglobe.com.tr\/wp-content\/uploads\/2025\/11\/WhatsApp-Image-2025-11-12-at-12.10.09-1.jpeg' rel=\"lightbox[gallery-0]\"><img loading=\"lazy\" decoding=\"async\" width=\"150\" height=\"150\" src=\"http:\/\/jetglobe.com.tr\/wp-content\/uploads\/2025\/11\/WhatsApp-Image-2025-11-12-at-12.10.09-1-150x150.jpeg\" class=\"attachment-thumbnail size-thumbnail\" alt=\"\" \/><\/a>\n\t\t\t<\/dt><\/dl><br style=\"clear: both\" \/><dl class='gallery-item'>\n\t\t\t<dt class='gallery-icon portrait'>\n\t\t\t\t<a href='http:\/\/jetglobe.com.tr\/wp-content\/uploads\/2025\/11\/WhatsApp-Image-2025-11-12-at-12.10.23.jpeg' rel=\"lightbox[gallery-0]\"><img loading=\"lazy\" decoding=\"async\" width=\"150\" height=\"150\" src=\"http:\/\/jetglobe.com.tr\/wp-content\/uploads\/2025\/11\/WhatsApp-Image-2025-11-12-at-12.10.23-150x150.jpeg\" class=\"attachment-thumbnail size-thumbnail\" alt=\"\" \/><\/a>\n\t\t\t<\/dt><\/dl><dl class='gallery-item'>\n\t\t\t<dt class='gallery-icon portrait'>\n\t\t\t\t<a href='http:\/\/jetglobe.com.tr\/wp-content\/uploads\/2025\/11\/WhatsApp-Image-2025-11-12-at-12.10.22.jpeg' rel=\"lightbox[gallery-0]\"><img loading=\"lazy\" decoding=\"async\" width=\"150\" height=\"150\" src=\"http:\/\/jetglobe.com.tr\/wp-content\/uploads\/2025\/11\/WhatsApp-Image-2025-11-12-at-12.10.22-150x150.jpeg\" class=\"attachment-thumbnail size-thumbnail\" alt=\"\" \/><\/a>\n\t\t\t<\/dt><\/dl><dl class='gallery-item'>\n\t\t\t<dt class='gallery-icon portrait'>\n\t\t\t\t<a href='http:\/\/jetglobe.com.tr\/wp-content\/uploads\/2025\/11\/WhatsApp-Image-2025-11-12-at-12.10.21.jpeg' rel=\"lightbox[gallery-0]\"><img loading=\"lazy\" decoding=\"async\" width=\"150\" height=\"150\" src=\"http:\/\/jetglobe.com.tr\/wp-content\/uploads\/2025\/11\/WhatsApp-Image-2025-11-12-at-12.10.21-150x150.jpeg\" class=\"attachment-thumbnail size-thumbnail\" alt=\"\" \/><\/a>\n\t\t\t<\/dt><\/dl><br style=\"clear: both\" \/><dl class='gallery-item'>\n\t\t\t<dt class='gallery-icon portrait'>\n\t\t\t\t<a href='http:\/\/jetglobe.com.tr\/wp-content\/uploads\/2025\/11\/WhatsApp-Image-2025-11-12-at-12.10.21-1.jpeg' rel=\"lightbox[gallery-0]\"><img loading=\"lazy\" decoding=\"async\" width=\"150\" height=\"150\" src=\"http:\/\/jetglobe.com.tr\/wp-content\/uploads\/2025\/11\/WhatsApp-Image-2025-11-12-at-12.10.21-1-150x150.jpeg\" class=\"attachment-thumbnail size-thumbnail\" alt=\"\" \/><\/a>\n\t\t\t<\/dt><\/dl><dl class='gallery-item'>\n\t\t\t<dt class='gallery-icon portrait'>\n\t\t\t\t<a href='http:\/\/jetglobe.com.tr\/wp-content\/uploads\/2025\/11\/WhatsApp-Image-2025-11-12-at-12.10.20.jpeg' rel=\"lightbox[gallery-0]\"><img loading=\"lazy\" decoding=\"async\" width=\"150\" height=\"150\" src=\"http:\/\/jetglobe.com.tr\/wp-content\/uploads\/2025\/11\/WhatsApp-Image-2025-11-12-at-12.10.20-150x150.jpeg\" class=\"attachment-thumbnail size-thumbnail\" alt=\"\" \/><\/a>\n\t\t\t<\/dt><\/dl><dl class='gallery-item'>\n\t\t\t<dt class='gallery-icon portrait'>\n\t\t\t\t<a href='http:\/\/jetglobe.com.tr\/wp-content\/uploads\/2025\/11\/WhatsApp-Image-2025-11-12-at-12.10.20-1.jpeg' rel=\"lightbox[gallery-0]\"><img loading=\"lazy\" decoding=\"async\" width=\"150\" height=\"150\" src=\"http:\/\/jetglobe.com.tr\/wp-content\/uploads\/2025\/11\/WhatsApp-Image-2025-11-12-at-12.10.20-1-150x150.jpeg\" class=\"attachment-thumbnail size-thumbnail\" alt=\"\" \/><\/a>\n\t\t\t<\/dt><\/dl><br style=\"clear: both\" \/><dl class='gallery-item'>\n\t\t\t<dt class='gallery-icon portrait'>\n\t\t\t\t<a href='http:\/\/jetglobe.com.tr\/wp-content\/uploads\/2025\/11\/WhatsApp-Image-2025-11-12-at-12.10.19.jpeg' rel=\"lightbox[gallery-0]\"><img loading=\"lazy\" decoding=\"async\" width=\"150\" height=\"150\" src=\"http:\/\/jetglobe.com.tr\/wp-content\/uploads\/2025\/11\/WhatsApp-Image-2025-11-12-at-12.10.19-150x150.jpeg\" class=\"attachment-thumbnail size-thumbnail\" alt=\"\" \/><\/a>\n\t\t\t<\/dt><\/dl><dl class='gallery-item'>\n\t\t\t<dt class='gallery-icon portrait'>\n\t\t\t\t<a href='http:\/\/jetglobe.com.tr\/wp-content\/uploads\/2025\/11\/WhatsApp-Image-2025-11-12-at-12.10.19-1.jpeg' rel=\"lightbox[gallery-0]\"><img loading=\"lazy\" decoding=\"async\" width=\"150\" height=\"150\" src=\"http:\/\/jetglobe.com.tr\/wp-content\/uploads\/2025\/11\/WhatsApp-Image-2025-11-12-at-12.10.19-1-150x150.jpeg\" class=\"attachment-thumbnail size-thumbnail\" alt=\"\" \/><\/a>\n\t\t\t<\/dt><\/dl><dl class='gallery-item'>\n\t\t\t<dt class='gallery-icon portrait'>\n\t\t\t\t<a href='http:\/\/jetglobe.com.tr\/wp-content\/uploads\/2025\/11\/WhatsApp-Image-2025-11-12-at-12.10.18.jpeg' rel=\"lightbox[gallery-0]\"><img loading=\"lazy\" decoding=\"async\" width=\"150\" height=\"150\" src=\"http:\/\/jetglobe.com.tr\/wp-content\/uploads\/2025\/11\/WhatsApp-Image-2025-11-12-at-12.10.18-150x150.jpeg\" class=\"attachment-thumbnail size-thumbnail\" alt=\"\" \/><\/a>\n\t\t\t<\/dt><\/dl><br style=\"clear: both\" \/><dl class='gallery-item'>\n\t\t\t<dt class='gallery-icon portrait'>\n\t\t\t\t<a href='http:\/\/jetglobe.com.tr\/wp-content\/uploads\/2025\/11\/WhatsApp-Image-2025-11-12-at-12.10.18-1.jpeg' rel=\"lightbox[gallery-0]\"><img loading=\"lazy\" decoding=\"async\" width=\"150\" height=\"150\" src=\"http:\/\/jetglobe.com.tr\/wp-content\/uploads\/2025\/11\/WhatsApp-Image-2025-11-12-at-12.10.18-1-150x150.jpeg\" class=\"attachment-thumbnail size-thumbnail\" alt=\"\" \/><\/a>\n\t\t\t<\/dt><\/dl><dl class='gallery-item'>\n\t\t\t<dt class='gallery-icon landscape'>\n\t\t\t\t<a href='http:\/\/jetglobe.com.tr\/wp-content\/uploads\/2025\/11\/WhatsApp-Image-2025-11-12-at-12.10.17.jpeg' rel=\"lightbox[gallery-0]\"><img loading=\"lazy\" decoding=\"async\" width=\"150\" height=\"150\" src=\"http:\/\/jetglobe.com.tr\/wp-content\/uploads\/2025\/11\/WhatsApp-Image-2025-11-12-at-12.10.17-150x150.jpeg\" class=\"attachment-thumbnail size-thumbnail\" alt=\"\" \/><\/a>\n\t\t\t<\/dt><\/dl><dl class='gallery-item'>\n\t\t\t<dt class='gallery-icon portrait'>\n\t\t\t\t<a href='http:\/\/jetglobe.com.tr\/wp-content\/uploads\/2025\/11\/WhatsApp-Image-2025-11-12-at-12.10.17-1.jpeg' rel=\"lightbox[gallery-0]\"><img loading=\"lazy\" decoding=\"async\" width=\"150\" height=\"150\" src=\"http:\/\/jetglobe.com.tr\/wp-content\/uploads\/2025\/11\/WhatsApp-Image-2025-11-12-at-12.10.17-1-150x150.jpeg\" class=\"attachment-thumbnail size-thumbnail\" alt=\"\" \/><\/a>\n\t\t\t<\/dt><\/dl><br style=\"clear: both\" \/><dl class='gallery-item'>\n\t\t\t<dt class='gallery-icon portrait'>\n\t\t\t\t<a href='http:\/\/jetglobe.com.tr\/wp-content\/uploads\/2025\/11\/WhatsApp-Image-2025-11-12-at-12.10.16.jpeg' rel=\"lightbox[gallery-0]\"><img loading=\"lazy\" decoding=\"async\" width=\"150\" height=\"150\" src=\"http:\/\/jetglobe.com.tr\/wp-content\/uploads\/2025\/11\/WhatsApp-Image-2025-11-12-at-12.10.16-150x150.jpeg\" class=\"attachment-thumbnail size-thumbnail\" alt=\"\" \/><\/a>\n\t\t\t<\/dt><\/dl>\n\t\t\t<br style='clear: both' \/>\n\t\t<\/div>\n\n<p data-start=\"181\" data-end=\"207\">\n<p><\/p>","protected":false},"excerpt":{"rendered":"<p>Kanat a\u00e7\u0131kl\u0131\u011f\u0131: 23.7 mUzunluk: 26.9 m KAB\u0130N BOYUTLARIY\u00fckseklik: 1.9 mGeni\u015flik: 2.3 mUzunluk: 13.7 m Yap\u0131m y\u0131l\u0131: 2002<\/p>\n","protected":false},"author":1,"featured_media":0,"parent":0,"menu_order":0,"comment_status":"closed","ping_status":"closed","template":"","meta":{"om_disable_all_campaigns":false,"inline_featured_image":false,"_mi_skip_tracking":false,"footnotes":""},"aioseo_notices":[],"_links":{"self":[{"href":"http:\/\/jetglobe.com.tr\/index.php\/wp-json\/wp\/v2\/pages\/2089"}],"collection":[{"href":"http:\/\/jetglobe.com.tr\/index.php\/wp-json\/wp\/v2\/pages"}],"about":[{"href":"http:\/\/jetglobe.com.tr\/index.php\/wp-json\/wp\/v2\/types\/page"}],"author":[{"embeddable":true,"href":"http:\/\/jetglobe.com.tr\/index.php\/wp-json\/wp\/v2\/users\/1"}],"replies":[{"embeddable":true,"href":"http:\/\/jetglobe.com.tr\/index.php\/wp-json\/wp\/v2\/comments?post=2089"}],"version-history":[{"count":8,"href":"http:\/\/jetglobe.com.tr\/index.php\/wp-json\/wp\/v2\/pages\/2089\/revisions"}],"predecessor-version":[{"id":2105,"href":"http:\/\/jetglobe.com.tr\/index.php\/wp-json\/wp\/v2\/pages\/2089\/revisions\/2105"}],"wp:attachment":[{"href":"http:\/\/jetglobe.com.tr\/index.php\/wp-json\/wp\/v2\/media?parent=2089"}],"curies":[{"name":"wp","href":"https:\/\/api.w.org\/{rel}","templated":true}]}}