{"id":1886,"date":"2023-11-25T01:01:54","date_gmt":"2023-11-24T22:01:54","guid":{"rendered":"https:\/\/jetglobe.com.tr\/?page_id=1886"},"modified":"2024-10-12T01:35:41","modified_gmt":"2024-10-11T22:35:41","slug":"falcon-900-lx","status":"publish","type":"page","link":"http:\/\/jetglobe.com.tr\/index.php\/falcon-900-lx\/","title":{"rendered":"FALCON 900 LX"},"content":{"rendered":"<section class='page-content' style=''  ><section class='container'><div class='row' style=''><div class='col-md-12 ' style='' ><div class='triggerAnimation animated' data-animate='flash' ><div class='custom-heading'>\n                            <h2>Falcon 900 LX<\/h2>                            \n                        <\/div><\/div><div class='nivo-wrapper'><div class='nivoSlider' data-manual='1' data-pause='3000' data-navigation='1' data-pause-hover='1'><img src='http:\/\/jetglobe.com.tr\/wp-content\/uploads\/2024\/10\/14.jpg' alt='slider image' title='#htmlcaption-0'\/><img src='http:\/\/jetglobe.com.tr\/wp-content\/uploads\/2024\/10\/13.jpg' alt='slider image' title='#htmlcaption-1'\/><img src='http:\/\/jetglobe.com.tr\/wp-content\/uploads\/2024\/10\/12.jpg' alt='slider image' title='#htmlcaption-2'\/><img src='http:\/\/jetglobe.com.tr\/wp-content\/uploads\/2024\/10\/11.jpg' alt='slider image' title='#htmlcaption-3'\/><img src='http:\/\/jetglobe.com.tr\/wp-content\/uploads\/2024\/10\/10.jpg' alt='slider image' title='#htmlcaption-4'\/><img src='http:\/\/jetglobe.com.tr\/wp-content\/uploads\/2024\/10\/9.jpg' alt='slider image' title='#htmlcaption-5'\/><img src='http:\/\/jetglobe.com.tr\/wp-content\/uploads\/2024\/10\/8.jpg' alt='slider image' title='#htmlcaption-6'\/><img src='http:\/\/jetglobe.com.tr\/wp-content\/uploads\/2024\/10\/7-3.jpg' alt='slider image' title='#htmlcaption-7'\/><img src='http:\/\/jetglobe.com.tr\/wp-content\/uploads\/2024\/10\/6-3.jpg' alt='slider image' title='#htmlcaption-8'\/><img src='http:\/\/jetglobe.com.tr\/wp-content\/uploads\/2024\/10\/5-4.jpg' alt='slider image' title='#htmlcaption-9'\/><img src='http:\/\/jetglobe.com.tr\/wp-content\/uploads\/2024\/10\/4-5.jpg' alt='slider image' title='#htmlcaption-10'\/><img src='http:\/\/jetglobe.com.tr\/wp-content\/uploads\/2024\/10\/3-4.jpg' alt='slider image' title='#htmlcaption-11'\/><img src='http:\/\/jetglobe.com.tr\/wp-content\/uploads\/2024\/10\/2-2.jpg' alt='slider image' title='#htmlcaption-12'\/><img src='http:\/\/jetglobe.com.tr\/wp-content\/uploads\/2024\/10\/1-5.jpg' alt='slider image' title='#htmlcaption-13'\/><img src='http:\/\/jetglobe.com.tr\/wp-content\/uploads\/2024\/10\/1000129874.jpg' alt='slider image' title='#htmlcaption-14'\/><img src='http:\/\/jetglobe.com.tr\/wp-content\/uploads\/2024\/10\/1000129858.jpg' alt='slider image' title='#htmlcaption-15'\/><img src='http:\/\/jetglobe.com.tr\/wp-content\/uploads\/2024\/10\/1000129860.jpg' alt='slider image' title='#htmlcaption-16'\/><img src='http:\/\/jetglobe.com.tr\/wp-content\/uploads\/2024\/10\/1000129862.jpg' alt='slider image' title='#htmlcaption-17'\/><img src='http:\/\/jetglobe.com.tr\/wp-content\/uploads\/2024\/10\/1000129864.jpg' alt='slider image' title='#htmlcaption-18'\/><img src='http:\/\/jetglobe.com.tr\/wp-content\/uploads\/2024\/10\/1000129866.jpg' alt='slider image' title='#htmlcaption-19'\/><img src='http:\/\/jetglobe.com.tr\/wp-content\/uploads\/2024\/10\/1000129868.jpg' alt='slider image' title='#htmlcaption-20'\/><img src='http:\/\/jetglobe.com.tr\/wp-content\/uploads\/2024\/10\/1000129870.jpg' alt='slider image' title='#htmlcaption-21'\/><\/div><div id='htmlcaption-0' class='nivo-html-caption'>14<\/div><div id='htmlcaption-1' class='nivo-html-caption'>13<\/div><div id='htmlcaption-2' class='nivo-html-caption'>12<\/div><div id='htmlcaption-3' class='nivo-html-caption'>11<\/div><div id='htmlcaption-4' class='nivo-html-caption'>10<\/div><div id='htmlcaption-5' class='nivo-html-caption'>9<\/div><div id='htmlcaption-6' class='nivo-html-caption'>8<\/div><div id='htmlcaption-7' class='nivo-html-caption'>7<\/div><div id='htmlcaption-8' class='nivo-html-caption'>6<\/div><div id='htmlcaption-9' class='nivo-html-caption'>5<\/div><div id='htmlcaption-10' class='nivo-html-caption'>4<\/div><div id='htmlcaption-11' class='nivo-html-caption'>3<\/div><div id='htmlcaption-12' class='nivo-html-caption'>2<\/div><div id='htmlcaption-13' class='nivo-html-caption'>1<\/div><div id='htmlcaption-14' class='nivo-html-caption'><\/div><div id='htmlcaption-15' class='nivo-html-caption'><\/div><div id='htmlcaption-16' class='nivo-html-caption'><\/div><div id='htmlcaption-17' class='nivo-html-caption'><\/div><div id='htmlcaption-18' class='nivo-html-caption'><\/div><div id='htmlcaption-19' class='nivo-html-caption'><\/div><div id='htmlcaption-20' class='nivo-html-caption'><\/div><div id='htmlcaption-21' class='nivo-html-caption'><\/div><\/div><div class='cma-wysiwyg-editor'><div><p>Falcon 900 LX<\/p><\/div><div><p>Falcon 900 LX, sahip oldu\u011fu \u00fc\u00e7 motoru ve geni\u015f i\u00e7 kabini sayesinde y\u00fcksek performans\u0131 ile uzun menzillerde konforlu bir u\u00e7u\u015f deneyimi sa\u011flar.<\/p><\/div><div><p>\u00dcss\u00fc \u0130stanbul \u2013 Atat\u00fcrk Havaliman\u0131 olan TC-LYL, g\u00fcvenli ve unutulmaz u\u00e7u\u015flar\u0131n\u0131z i\u00e7in haz\u0131rd\u0131r.<\/p><\/div><div>Yap\u0131m Y\u0131l\u0131: 2012<\/div><div>Yolcu Kapasitesi: 14<\/div><div>Maksimum Menzil: 5.468 MIL<\/div><div>Kabin Y\u00fcksekli\u011fi: 1.88 M<\/div><div>Kabin Uzunlu\u011fu: 10.11 M<\/div><div>Kabin Geni\u015fli\u011fi: 2.34 M<\/div><div>Bagaj Kapasitesi: 127 FT\u00b3<\/div><div>Kanat A\u00e7\u0131kl\u0131\u011f\u0131: 21.38 M<\/div><div>\u00a0<\/div><div>\u00a0<\/div><div>\u00a0<\/div><div><div><\/p><\/div><ul class='company-timeline clearfix'><li>\n                            <div class='icon-date-container'>\n                                <i class='fa fa-calendar'><\/i>\n                            <\/div>\n\n                            <div class='timeline-item-details'>\n                                <h3><span class='year'>2012<\/span> Falcon 900 LX<\/h3>\n\n                                <p>Falcon 900 LX<\/p>\n                            <\/div>\n                        <\/li><\/ul><\/div><\/div><\/section><\/section>","protected":false},"excerpt":{"rendered":"","protected":false},"author":1,"featured_media":0,"parent":0,"menu_order":0,"comment_status":"closed","ping_status":"closed","template":"","meta":{"om_disable_all_campaigns":false,"inline_featured_image":false,"_mi_skip_tracking":false,"footnotes":""},"aioseo_notices":[],"_links":{"self":[{"href":"http:\/\/jetglobe.com.tr\/index.php\/wp-json\/wp\/v2\/pages\/1886"}],"collection":[{"href":"http:\/\/jetglobe.com.tr\/index.php\/wp-json\/wp\/v2\/pages"}],"about":[{"href":"http:\/\/jetglobe.com.tr\/index.php\/wp-json\/wp\/v2\/types\/page"}],"author":[{"embeddable":true,"href":"http:\/\/jetglobe.com.tr\/index.php\/wp-json\/wp\/v2\/users\/1"}],"replies":[{"embeddable":true,"href":"http:\/\/jetglobe.com.tr\/index.php\/wp-json\/wp\/v2\/comments?post=1886"}],"version-history":[{"count":2,"href":"http:\/\/jetglobe.com.tr\/index.php\/wp-json\/wp\/v2\/pages\/1886\/revisions"}],"predecessor-version":[{"id":1894,"href":"http:\/\/jetglobe.com.tr\/index.php\/wp-json\/wp\/v2\/pages\/1886\/revisions\/1894"}],"wp:attachment":[{"href":"http:\/\/jetglobe.com.tr\/index.php\/wp-json\/wp\/v2\/media?parent=1886"}],"curies":[{"name":"wp","href":"https:\/\/api.w.org\/{rel}","templated":true}]}}