{"id":1854,"date":"2023-09-22T02:13:52","date_gmt":"2023-09-21T23:13:52","guid":{"rendered":"http:\/\/jetglobe.com.tr\/?page_id=1854"},"modified":"2023-09-30T14:39:55","modified_gmt":"2023-09-30T11:39:55","slug":"falcon-2000-tc-cmd","status":"publish","type":"page","link":"http:\/\/jetglobe.com.tr\/index.php\/falcon-2000-tc-cmd\/","title":{"rendered":"FALCON 2000"},"content":{"rendered":"<section class='page-content' style=''  ><section class='container'><div class='row' style=''><div class='col-md-12 ' style='' ><div class='triggerAnimation animated' data-animate='flash' ><div class='custom-heading'>\n                            <h2>Falcon 2000<\/h2>                            \n                        <\/div><\/div><div class='nivo-wrapper'><div class='nivoSlider' data-manual='1' data-pause='3000' data-navigation='1' data-pause-hover='1'><img src='http:\/\/jetglobe.com.tr\/wp-content\/uploads\/2023\/09\/2.jpg' alt='slider image' title='#htmlcaption-0'\/><img src='http:\/\/jetglobe.com.tr\/wp-content\/uploads\/2023\/09\/1.jpg' alt='slider image' title='#htmlcaption-1'\/><img src='http:\/\/jetglobe.com.tr\/wp-content\/uploads\/2023\/09\/3.jpg' alt='slider image' title='#htmlcaption-2'\/><img src='http:\/\/jetglobe.com.tr\/wp-content\/uploads\/2023\/09\/4.jpg' alt='slider image' title='#htmlcaption-3'\/><img src='http:\/\/jetglobe.com.tr\/wp-content\/uploads\/2023\/09\/5.jpg' alt='slider image' title='#htmlcaption-4'\/><img src='http:\/\/jetglobe.com.tr\/wp-content\/uploads\/2023\/09\/6.jpg' alt='slider image' title='#htmlcaption-5'\/><\/div><div id='htmlcaption-0' class='nivo-html-caption'>2<\/div><div id='htmlcaption-1' class='nivo-html-caption'>1<\/div><div id='htmlcaption-2' class='nivo-html-caption'>3<\/div><div id='htmlcaption-3' class='nivo-html-caption'>4<\/div><div id='htmlcaption-4' class='nivo-html-caption'>5<\/div><div id='htmlcaption-5' class='nivo-html-caption'>6<\/div><\/div><div class='cma-wysiwyg-editor'><p>Falcon 2000 geni\u015f i\u00e7 kabin ve bagaj kapasitesine sahip, uzun menzillere rahat\u00e7a ula\u015fabilen bir u\u00e7akt\u0131r.<br \/>\u00dcss\u00fc \u0130stanbul Atat\u00fcrk Havaliman\u0131 olan TC-CMD, uzun menzilleriniz i\u00e7in h\u0131zl\u0131 ve konforlu bir \u015fekilde<br \/>ger\u00e7ekle\u015ftirece\u011fi u\u00e7u\u015f deneyimleri ile u\u00e7ak kiralama hizmetleri i\u00e7in haz\u0131rd\u0131r.<\/p><p>Yap\u0131m Y\u0131l\u0131 : 2005<br \/>Yolcu Kapasitesi : 10<br \/>Maksimum Menzil : 3512 MIL<br \/>Kabin Y\u00fcksekli\u011fi : 1.88 M<br \/>Kabin Uzunlu\u011fu : 7,97 M<br \/>Kabin Geni\u015fli\u011fi : 2.31 M<br \/>Bagaj Kapasitesi : 134 FT\u00b3<br \/>Kanat A\u00e7\u0131kl\u0131\u011f\u0131 : 19 M<\/p><p><\/p><\/div><ul class='company-timeline clearfix'><li>\n                            <div class='icon-date-container'>\n                                <i class='fa fa-calendar'><\/i>\n                            <\/div>\n\n                            <div class='timeline-item-details'>\n                                <h3><span class='year'>2005<\/span> Falcon 2000<\/h3>\n\n                                <p>Falcon 2000<\/p>\n                            <\/div>\n                        <\/li><\/ul><\/div><\/div><\/section><\/section>","protected":false},"excerpt":{"rendered":"","protected":false},"author":1,"featured_media":0,"parent":0,"menu_order":0,"comment_status":"closed","ping_status":"closed","template":"","meta":{"om_disable_all_campaigns":false,"inline_featured_image":false,"_mi_skip_tracking":false,"footnotes":""},"aioseo_notices":[],"_links":{"self":[{"href":"http:\/\/jetglobe.com.tr\/index.php\/wp-json\/wp\/v2\/pages\/1854"}],"collection":[{"href":"http:\/\/jetglobe.com.tr\/index.php\/wp-json\/wp\/v2\/pages"}],"about":[{"href":"http:\/\/jetglobe.com.tr\/index.php\/wp-json\/wp\/v2\/types\/page"}],"author":[{"embeddable":true,"href":"http:\/\/jetglobe.com.tr\/index.php\/wp-json\/wp\/v2\/users\/1"}],"replies":[{"embeddable":true,"href":"http:\/\/jetglobe.com.tr\/index.php\/wp-json\/wp\/v2\/comments?post=1854"}],"version-history":[{"count":2,"href":"http:\/\/jetglobe.com.tr\/index.php\/wp-json\/wp\/v2\/pages\/1854\/revisions"}],"predecessor-version":[{"id":1865,"href":"http:\/\/jetglobe.com.tr\/index.php\/wp-json\/wp\/v2\/pages\/1854\/revisions\/1865"}],"wp:attachment":[{"href":"http:\/\/jetglobe.com.tr\/index.php\/wp-json\/wp\/v2\/media?parent=1854"}],"curies":[{"name":"wp","href":"https:\/\/api.w.org\/{rel}","templated":true}]}}