{"id":1772,"date":"2015-09-15T11:27:05","date_gmt":"2015-09-15T11:27:05","guid":{"rendered":"http:\/\/pixel-industry.com\/dummy_wp\/trucking\/?page_id=18"},"modified":"2024-10-12T23:26:39","modified_gmt":"2024-10-12T20:26:39","slug":"home-2","status":"publish","type":"page","link":"http:\/\/jetglobe.com.tr\/","title":{"rendered":"Home"},"content":{"rendered":"<section class='page-content' style='margin-bottom: 0px;'  ><section class='container-fluid'><div class='row' style='margin-bottom: 0px ;'><div class='col-md-12 ' style='' ><div class='cma-wysiwyg-editor'>\n\t\t<!-- MasterSlider -->\n\t\t<div id=\"P_MS69e1f4b8637ff\" class=\"master-slider-parent ms-parent-id-9\"  >\n\n\t\t\t\n\t\t\t<!-- MasterSlider Main -->\n\t\t\t<div id=\"MS69e1f4b8637ff\" class=\"master-slider ms-skin-default\" >\n\t\t\t\t \t\t\t\t \n\t\t\t<div  class=\"ms-slide\" data-delay=\"3\" data-fill-mode=\"fill\"  >\n\t\t\t\t\t<img decoding=\"async\" src=\"http:\/\/jetglobe.com.tr\/wp-content\/plugins\/masterslider\/public\/assets\/css\/blank.gif\" alt=\"\" title=\"\" data-src=\"http:\/\/jetglobe.com.tr\/wp-content\/uploads\/2024\/10\/3-8.jpg\" \/>\n\n\n\t\t\t\t<\/div>\n\t\t\t<div  class=\"ms-slide\" data-delay=\"3\" data-fill-mode=\"fill\"  >\n\t\t\t\t\t<img decoding=\"async\" src=\"http:\/\/jetglobe.com.tr\/wp-content\/plugins\/masterslider\/public\/assets\/css\/blank.gif\" alt=\"\" title=\"Anasayfa slayt\" data-src=\"http:\/\/jetglobe.com.tr\/wp-content\/uploads\/2024\/01\/Anasayfa-slayt.jpeg\" \/>\n\n\n\t\t\t\t<\/div>\n\t\t\t<div  class=\"ms-slide\" data-delay=\"3\" data-fill-mode=\"fill\"  >\n\t\t\t\t\t<img decoding=\"async\" src=\"http:\/\/jetglobe.com.tr\/wp-content\/plugins\/masterslider\/public\/assets\/css\/blank.gif\" alt=\"\" title=\"2\" data-src=\"http:\/\/jetglobe.com.tr\/wp-content\/uploads\/2023\/09\/2.jpg\" \/>\n\n\n\t\t\t\t<\/div>\n\t\t\t<div  class=\"ms-slide\" data-delay=\"3\" data-fill-mode=\"fill\"  >\n\t\t\t\t\t<img decoding=\"async\" src=\"http:\/\/jetglobe.com.tr\/wp-content\/plugins\/masterslider\/public\/assets\/css\/blank.gif\" alt=\"\" title=\"8\" data-src=\"http:\/\/jetglobe.com.tr\/wp-content\/uploads\/2024\/10\/8.jpg\" \/>\n\n\n\t\t\t\t<\/div>\n\t\t\t<div  class=\"ms-slide\" data-delay=\"3\" data-fill-mode=\"fill\"  >\n\t\t\t\t\t<img decoding=\"async\" src=\"http:\/\/jetglobe.com.tr\/wp-content\/plugins\/masterslider\/public\/assets\/css\/blank.gif\" alt=\"\" title=\"\" data-src=\"http:\/\/jetglobe.com.tr\/wp-content\/uploads\/2024\/10\/IMG-20241011-WA0015-1.jpg\" \/>\n\n\n\t\t\t\t<\/div>\n\n\t\t\t<\/div>\n\t\t\t<!-- END MasterSlider Main -->\n\n\t\t\t \n\t\t<\/div>\n\t\t<!-- END MasterSlider -->\n\n\t\t<script>\n\t\t( window.MSReady = window.MSReady || [] ).push( function( $ ) {\n\n\t\t\t\"use strict\";\n\t\t\tvar masterslider_37ff = new MasterSlider();\n\n\t\t\t\/\/ slider controls\n\t\t\tmasterslider_37ff.control('arrows'     ,{ autohide:true, overVideo:true  });\n\t\t\t\/\/ slider setup\n\t\t\tmasterslider_37ff.setup(\"MS69e1f4b8637ff\", {\n\t\t\t\twidth           : 1140,\n\t\t\t\theight          : 854,\n\t\t\t\tminHeight       : 0,\n\t\t\t\tspace           : 0,\n\t\t\t\tstart           : 1,\n\t\t\t\tgrabCursor      : true,\n\t\t\t\tswipe           : true,\n\t\t\t\tmouse           : true,\n\t\t\t\tkeyboard        : false,\n\t\t\t\tlayout          : \"fullwidth\",\n\t\t\t\twheel           : false,\n\t\t\t\tautoplay        : true,\n\t\t\t\tinstantStartLayers:false,\n\t\t\t\tloop            : false,\n\t\t\t\tshuffle         : false,\n\t\t\t\tpreload         : 0,\n\t\t\t\theightLimit     : true,\n\t\t\t\tautoHeight      : false,\n\t\t\t\tsmoothHeight    : true,\n\t\t\t\tendPause        : false,\n\t\t\t\toverPause       : true,\n\t\t\t\tfillMode        : \"fill\",\n\t\t\t\tcenterControls  : false,\n\t\t\t\tstartOnAppear   : false,\n\t\t\t\tlayersMode      : \"center\",\n\t\t\t\tautofillTarget  : \"\",\n\t\t\t\thideLayers      : false,\n\t\t\t\tfullscreenMargin: 0,\n\t\t\t\tspeed           : 70,\n\t\t\t\tdir             : \"h\",\n\t\t\t\tparallaxMode    : 'swipe',\n\t\t\t\tview            : \"basic\"\n\t\t\t});\n\n\t\t\t\n\t\t\twindow.masterslider_instances = window.masterslider_instances || [];\n\t\t\twindow.masterslider_instances.push( masterslider_37ff );\n\t\t});\n\t\t<\/script>\n\n<\/div><\/div><\/div><\/section><\/section><section class='page-content custom-background image-background parallax parallax-6' style='background-image: url(http:\/\/jetglobe.com.tr\/wp-content\/uploads\/2015\/09\/parallax01.jpg);background-size: cover; background-attachment: fixed;background-repeat: repeat;margin-bottom: 80px;' data-stellar-background-ratio='0.4' ><section class='container'><div class='row services-negative-top' style='margin-top: 10px;'><div class='col-md-4 ' style='' ><div class='services-element service-feature-box '>\n                            <div class='service-media'>\n                                <img src='http:\/\/jetglobe.com.tr\/wp-content\/uploads\/bfi_thumb\/3333-qvgs5tbw0q55sflhrgifmwt5h6bg7z8ze9jqsc0h2o.jpg' alt='checklist icon'>\n                                \n                                <a href='http:\/\/jetglobe.com.tr\/index.php\/services\/' class='read-more02'><span>\n                                Devam\u0131\n                                <i class='fa fa-chevron-right'><\/i>\n                            <\/span><\/a>                                \n                            <\/div>\n\n                            <div class='service-body'>\n                                <div class='custom-heading'>\n                                    <a href='http:\/\/jetglobe.com.tr\/index.php\/services\/'><h4>U\u00e7ak Kiralama<\/h4><\/a>\n                                <\/div>\n\n                                <p>\nFilomuzdaki U\u00e7aklar\u0131n Kiralanmas\u0131<br>\nFilo Harici U\u00e7aklar\u0131n Kiralanmas\u0131\t<br>\nHelikopter Kiralanmas\u0131<br>\nAmbulans U\u00e7ak \/ Helikopter Kiralanmas\u0131<br>\nHer T\u00fcrl\u00fc Hava Arac\u0131 Al\u0131m Sat\u0131m\u0131nda Dan\u0131\u015fmanl\u0131k <br><br><br><br><br>\n\n<\/p>\n                            <\/div>\n                        <\/div><\/div><div class='col-md-4 ' style='' ><div class='services-element service-feature-box '>\n                            <div class='service-media'>\n                                <img src='http:\/\/jetglobe.com.tr\/wp-content\/uploads\/bfi_thumb\/2222-q9z6oj2qqdy31uunaokghb1347uvoq1m9mv7sja06o.jpg' alt='checklist icon'>\n                                \n                                <a href='http:\/\/jetglobe.com.tr\/index.php\/services\/' class='read-more02'><span>\n                                Devam\u0131\n                                <i class='fa fa-chevron-right'><\/i>\n                            <\/span><\/a>                                \n                            <\/div>\n\n                            <div class='service-body'>\n                                <div class='custom-heading'>\n                                    <a href='http:\/\/jetglobe.com.tr\/index.php\/services\/'><h4>U\u00e7ak \u0130\u015fletmecili\u011fi<\/h4><\/a>\n                                <\/div>\n\n                                <p>\nHava Arac\u0131 Sahiplerine \u0130\u015fletme Hizmeti Ve Dan\u0131\u015fmanl\u0131k<br>\nHava Ara\u00e7lar\u0131n\u0131n T\u00fcrk Tesciline Al\u0131nmas\u0131 <br>\nHava Ara\u00e7lar\u0131n\u0131n Bak\u0131m Y\u00f6netimi Hizmeti <br>\nHangarlama Temini<br>\nU\u00e7u\u015f Ve Kabin Ekibi Temini<br>\n\u0130kram Hizmetleri<br>\nVIP Kar\u015f\u0131lama \/ U\u011furlama Hizmetleri<br>\nVIP Ara\u00e7 Kiralama Hizmetleri<br>\n\n<\/p>\n                            <\/div>\n                        <\/div><\/div><div class='col-md-4 ' style='' ><div class='services-element service-feature-box '>\n                            <div class='service-media'>\n                                <img src='http:\/\/jetglobe.com.tr\/wp-content\/uploads\/bfi_thumb\/111111-q9z6kfi2xec2f2t08es13u9puq2948rrdcfzg3ctbk.jpg' alt='checklist icon'>\n                                \n                                <a href='http:\/\/jetglobe.com.tr\/index.php\/services\/' class='read-more02'><span>\n                                Devam\u0131\n                                <i class='fa fa-chevron-right'><\/i>\n                            <\/span><\/a>                                \n                            <\/div>\n\n                            <div class='service-body'>\n                                <div class='custom-heading'>\n                                    <a href='http:\/\/jetglobe.com.tr\/index.php\/services\/'><h4>Kurum i\u00e7i hizmetler<\/h4><\/a>\n                                <\/div>\n\n                                <p>\nU\u00e7u\u015f Organizasyon<br>\nU\u00e7u\u015f Planlama<br>\nHava Durumu&amp;Notam<br>\nU\u00e7u\u015f \u0130zinleri&amp; \u00dcst Ge\u00e7i\u015f U\u00e7u\u015f \u0130zinleri<br>\nYak\u0131t<br>\nG\u00f6zetim ve Denetim<br>\nOtel Rezervasyonu<br>\nAra\u00e7 Kiralama<br><br>\n\n<\/p>\n                            <\/div>\n                        <\/div><\/div><\/div><\/section><\/section><section class='page-content' style=''  ><section class='container'><div class='row' style=''><div class='col-md-12 empty' style='' ><\/div><\/div><div class='row' style=''><div class='col-md-6 ' style='' ><div class='services-element service-icon-left-boxed '>                            \n                                <div class='icon-container ' >\n                                    <img src='http:\/\/jetglobe.com.tr\/wp-content\/uploads\/2015\/09\/pi-globe-5.svg' alt='icon'>\n                                    <\/div>\n\n                                <div class='service-details'>\n                                    <h4>U\u00e7ak kiralama hizmetleri<\/h4>\n                                    <p>Filomuzda bulunan muhtelif kategorilerdeki u\u00e7aklar\u0131m\u0131z ile , m\u00fc\u015fterilerimize en uygun ve g\u00fcvenilir sekilde seyahatlerini ozel planlama imkan\u0131 sunmaktay\u0131z<\/p>\n                                <\/div>                            \n                        <\/div><\/div><div class='col-md-6 ' style='' ><div class='services-element service-icon-left-boxed '>                            \n                                <div class='icon-container ' >\n                                    <img src='http:\/\/jetglobe.com.tr\/wp-content\/uploads\/2015\/09\/pi-checklist-2.svg' alt='icon'>\n                                    <\/div>\n\n                                <div class='service-details'>\n                                    <h4>U\u00e7ak i\u015fletmecili\u011fi<\/h4>\n                                    <p>U\u00e7ak Sahibi olan veya olmay\u0131 d\u00fc\u015f\u00fcnen m\u00fc\u015fterilerimize T\u00fcrkiye Sivil Havac\u0131l\u0131k Genel Mudurlugu onayl\u0131 Ucus \u0130sletme Sertifikam\u0131z alt\u0131nda ticari u\u00e7ak i\u015fletmecili\u011fi hizmetleri sunmaktay\u0131z<\/p>\n                                <\/div>                            \n                        <\/div><\/div><\/div><div class='row' style=''><div class='col-md-6 empty' style='' ><\/div><div class='col-md-6 empty' style='' ><\/div><\/div><\/section><\/section><section class='page-content pt-0 custom-background image-background custom-background color-background dark' style='background-image: url(http:\/\/jetglobe.com.tr\/wp-content\/uploads\/2023\/07\/parallax01.jpg);background-size: cover;background-repeat: repeat;background-color: #2c3741;margin-bottom: 70px;'  ><section class='container-fluid' style='padding-left: 0; padding-right: 0;'><div class='row row-equal-height' style='margin-bottom: 0px ;'><div class='col-md-2  empty' style='padding-top:50px;padding-bottom:50px;' ><\/div><div class='col-md-4 ' style='padding-top:50px;padding-bottom:50px;' ><div class='custom-heading'>\n                            <h3>JETGLOBE HAVACILIK<\/h3>                            \n                        <\/div><div class='cma-wysiwyg-editor'><p><\/p><p>JetGlobe havac\u0131l\u0131k 2008 y\u0131l\u0131ndan bu yana \u0130stanbul Atat\u00fcrk Havaliman\u0131 merkezli hava taksi ve u\u00e7us hizmetleri alan\u0131nda faaliyet g\u00f6stermektedir<\/p><p><\/p><\/div><ul class='service-list clearfix white'><li>\n                                <div class='icon-container'>\n                                    <img src='http:\/\/jetglobe.com.tr\/wp-content\/uploads\/2015\/09\/pi-cargo-retail.svg' alt='Alan\u0131nda Uzman Kadro'>\n                                <\/div>\n\n                                <h4>Alan\u0131nda Uzman Kadro<\/h4>\n                            <\/li><li>\n                                <div class='icon-container'>\n                                    <img src='http:\/\/jetglobe.com.tr\/wp-content\/uploads\/2015\/09\/pi-globe-5.svg' alt='G\u00fcler Y\u00fczl\u00fc Hizmet'>\n                                <\/div>\n\n                                <h4>G\u00fcler Y\u00fczl\u00fc Hizmet<\/h4>\n                            <\/li><li>\n                                <div class='icon-container'>\n                                    <img src='http:\/\/jetglobe.com.tr\/wp-content\/uploads\/2015\/09\/pi-touch-desktop.svg' alt='Kolay Ula\u015f\u0131m'>\n                                <\/div>\n\n                                <h4>Kolay Ula\u015f\u0131m<\/h4>\n                            <\/li><\/ul><\/div><div class='col-md-6  empty custom-background image-background' style='background-image: url(http:\/\/jetglobe.com.tr\/wp-content\/uploads\/2024\/10\/1111.jpg);' ><\/div><\/div><\/section><\/section><section class='page-content' style=''  ><section class='container'><div class='row' style=''><div class='col-md-4 ' style='' ><div class='services-element service-feature-box '>\n                            <div class='service-media'>\n                                <img src='http:\/\/jetglobe.com.tr\/wp-content\/uploads\/bfi_thumb\/B1-mn2eterxnzmzdbxsdfggnjas41f1jsldkko6uaobjk.jpg' alt='checklist icon'>\n                                \n                                <a href='http:\/\/www.bilenair.com.tr\/' class='read-more02'><span>\n                                Devam\u0131\n                                <i class='fa fa-chevron-right'><\/i>\n                            <\/span><\/a>                                \n                            <\/div>\n\n                            <div class='service-body'>\n                                <div class='custom-heading'>\n                                    <a href='http:\/\/www.bilenair.com.tr\/'><h4>B\u0130LEN AIR SERVICES<\/h4><\/a>\n                                <\/div>\n\n                                <p>B\u0130LEN AIR HAVACILIK H\u0130ZMETLER\u0130<br>\n<\/p>\n                            <\/div>\n                        <\/div><\/div><div class='col-md-4 ' style='' ><div class='services-element service-feature-box '>\n                            <div class='service-media'>\n                                <img src='http:\/\/jetglobe.com.tr\/wp-content\/uploads\/bfi_thumb\/b4-mn2euz6921s6pxnv83u2t52fr5p2dmt9sbtbmwcp68.jpg' alt='checklist icon'>\n                                \n                                <a href='https:\/\/www.alacatimarina.com\/' class='read-more02'><span>\n                                Devam\u0131\n                                <i class='fa fa-chevron-right'><\/i>\n                            <\/span><\/a>                                \n                            <\/div>\n\n                            <div class='service-body'>\n                                <div class='custom-heading'>\n                                    <a href='https:\/\/www.alacatimarina.com\/'><h4>ALA\u00c7ATI MAR\u0130NA<\/h4><\/a>\n                                <\/div>\n\n                                <p>ALACATI MARINA PALAS OTELCILIK HIZMETLERI \n<\/p>\n                            <\/div>\n                        <\/div><\/div><div class='col-md-4 ' style='' ><div class='services-element service-feature-box '>\n                            <div class='service-media'>\n                                <img src='http:\/\/jetglobe.com.tr\/wp-content\/uploads\/bfi_thumb\/B3-mn2eui95n150wycfywisk9c5280gj2y3q02kzx1sa8.jpg' alt='checklist icon'>\n                                \n                                <a href='http:\/\/www.bildays.com\/' class='read-more02'><span>\n                                Devam\u0131\n                                <i class='fa fa-chevron-right'><\/i>\n                            <\/span><\/a>                                \n                            <\/div>\n\n                            <div class='service-body'>\n                                <div class='custom-heading'>\n                                    <a href='http:\/\/www.bildays.com\/'><h4>B\u0130LDAYS TUR\u0130ZM<\/h4><\/a>\n                                <\/div>\n\n                                <p>BILDAYS TURIZM VE ACENTA HIZMETLERI\n\n<\/p>\n                            <\/div>\n                        <\/div><\/div><\/div><\/section><\/section>","protected":false},"excerpt":{"rendered":"","protected":false},"author":1,"featured_media":0,"parent":0,"menu_order":0,"comment_status":"closed","ping_status":"closed","template":"","meta":{"om_disable_all_campaigns":false,"inline_featured_image":false,"_mi_skip_tracking":false,"footnotes":""},"aioseo_notices":[],"_links":{"self":[{"href":"http:\/\/jetglobe.com.tr\/index.php\/wp-json\/wp\/v2\/pages\/1772"}],"collection":[{"href":"http:\/\/jetglobe.com.tr\/index.php\/wp-json\/wp\/v2\/pages"}],"about":[{"href":"http:\/\/jetglobe.com.tr\/index.php\/wp-json\/wp\/v2\/types\/page"}],"author":[{"embeddable":true,"href":"http:\/\/jetglobe.com.tr\/index.php\/wp-json\/wp\/v2\/users\/1"}],"replies":[{"embeddable":true,"href":"http:\/\/jetglobe.com.tr\/index.php\/wp-json\/wp\/v2\/comments?post=1772"}],"version-history":[{"count":15,"href":"http:\/\/jetglobe.com.tr\/index.php\/wp-json\/wp\/v2\/pages\/1772\/revisions"}],"predecessor-version":[{"id":2027,"href":"http:\/\/jetglobe.com.tr\/index.php\/wp-json\/wp\/v2\/pages\/1772\/revisions\/2027"}],"wp:attachment":[{"href":"http:\/\/jetglobe.com.tr\/index.php\/wp-json\/wp\/v2\/media?parent=1772"}],"curies":[{"name":"wp","href":"https:\/\/api.w.org\/{rel}","templated":true}]}}