{"id":1705,"date":"2023-07-26T10:27:51","date_gmt":"2023-07-26T07:27:51","guid":{"rendered":"http:\/\/jetglobe.com.tr\/?page_id=1705"},"modified":"2024-10-12T01:42:42","modified_gmt":"2024-10-11T22:42:42","slug":"services","status":"publish","type":"page","link":"http:\/\/jetglobe.com.tr\/index.php\/services\/","title":{"rendered":"Hizmetlerimiz"},"content":{"rendered":"<section class='page-content custom-background color-background' style='background-color: #f4fcfc;'  ><section class='container'><div class='row' style=''><div class='col-md-12 ' style='' ><div class='custom-heading'>\n                            <h1>JETGLOBE HAVACILIK H\u0130ZMETLER\u0130<\/h1>                            \n                        <\/div><div class='cma-wysiwyg-editor'><h4>JetGlobe\u00a02008 Y\u0131l\u0131ndan bu yana \u00f6zel hava ta\u015f\u0131mac\u0131l\u0131\u011f\u0131 \u00fczerinde tecr\u00fcbeye sahiptir. Sundu\u011fumuz hizmetler ;<\/h4><\/div><\/div><\/div><div class='row' style=''><div class='col-md-6 ' style='' ><div class='cma-wysiwyg-editor'><p><strong style=\"color: #27b9c6; font-size: 20px;\">U\u00e7ak kiralama hizmetleri :<\/strong><\/p><p>Filomuzda bulunan muhtelif kategorideki u\u00e7aklar\u0131m\u0131z ve \u0130stanbul Atat\u00fcrk Havaliman\u0131'ndaki hangar\u0131m\u0131z ile, m\u00fc\u015fterilerimizin seyahatlerini en uygun ve g\u00fcvenilir \u015fekilde planl\u0131yor; m\u00fc\u015fterilerimize u\u00e7ak kiralama, operasyon ve u\u00e7ak al\u0131m-sat\u0131m hizmetleri veriyoruz.<br \/>Geni\u015f bir filoya sahip olan JetGlobe, kaliteli ve butik hizmet anlay\u0131\u015f\u0131 ile b\u00f6lgesinde lider firmalardan biridir. D\u00fcnyan\u0131n her yerinde u\u00e7u\u015f operasyon, yer hizmetleri, u\u00e7u\u015f destek hizmetleri, u\u00e7u\u015f kiralama ve u\u00e7ak y\u00f6netimi ile t\u00fcm m\u00fc\u015fteri ihtiya\u00e7lar\u0131na i\u00e7yap\u0131m\u0131zla hizmet verebilme kabiliyetine sahibiz.<\/p><p><\/p><\/div><\/div><div class='col-md-6 ' style='' ><div class='cma-wysiwyg-editor'><p><strong style=\"color: #27b9c6; font-size: 20px;\">U\u00e7ak i\u015fletmecili\u011fi :<\/strong><\/p><p>U\u00e7ak sahibi olan veya olmay\u0131 d\u00fc\u015f\u00fcnen m\u00fc\u015fterilerimize T\u00fcrkiye Sivil Havac\u0131l\u0131k Genel M\u00fcd\u00fcrl\u00fc\u011f\u00fc onayl\u0131 U\u00e7u\u015f \u0130\u015fletme Sertifikam\u0131z alt\u0131nda ticari u\u00e7ak i\u015fletmecili\u011fi hizmetleri sunmaktay\u0131z. <br \/>Grubumuz b\u00fcnyesinde mevcut olan departmanlar\u0131m\u0131z ve \u015firketlerimiz sayesinde m\u00fc\u015fterilerimize her t\u00fcrl\u00fc hizmeti A'dan Z'ye b\u00fcnyemizde sunabilmekteyiz. Bu model ile u\u00e7ak i\u015fletmecili\u011fini d\u00fcnyada da uygulanan hali ile T\u00fcrkiye'de hayata ge\u00e7irme amac\u0131nda olan \u015firketimiz, u\u00e7ak sahiplerine arad\u0131klar\u0131 g\u00fcven, kalite, \u015feffaf faturalama, minimize edilmi\u015f giderler ve maksimize edilmi\u015f kiralama gelirlerini sunmaktad\u0131r.<\/p><p><strong style=\"color: #27b9c6;\"><a style=\"color: #27b9c6;\" title=\"Belgelerimiz\" href=\"http:\/\/jetglobe.com.tr\/index.php\/documents\/\">Belgelerimiz i\u00e7in t\u0131klay\u0131n\u0131z\u00a0 &gt;&gt;<\/a><\/strong><br \/><\/p><\/div><\/div><\/div><div class='row' style=''><div class='col-md-6 ' style='' ><div style='margin-bottom: 0px;' class=''><img src='http:\/\/jetglobe.com.tr\/wp-content\/uploads\/2023\/07\/Hizmetler-3.jpg' class='left' title='Hizmetler-3' alt='Hizmetler-3' width='600' height='800'\/><div class='clearfix'><\/div><\/div><\/div><div class='col-md-6 ' style='' ><div style='margin-bottom: 0px;' class=''><img src='http:\/\/jetglobe.com.tr\/wp-content\/uploads\/2023\/07\/Hizmetler-2-1.jpg' class='left' title='Hizmetler-2 (1)' alt='Hizmetler-2 (1)' width='600' height='800'\/><div class='clearfix'><\/div><\/div><\/div><\/div><\/section><\/section><section class='page-content' style=''  ><section class='container'><div class='row' style=''><div class='col-md-5 ' style='' ><div class='custom-heading'>\n                            <h2>NEDEN B\u0130Z\u0130 TERC\u0130H ETMEL\u0130S\u0130N\u0130Z<\/h2>                            \n                        <\/div><ul class='fa-ul large-icons theme-color-icons'><li>\n                                <div class='icon-container ' data-animate='zoomIn'>\n                                    <i class='fa fa-check-circle' ><\/i>\n                                <\/div>\n                                <div class='li-content'>\n                                    <h4>Alan\u0131nda Uzman Kadro<\/h4>\n                                    <p>Alan\u0131nda Uzman Kadromuzla 2008 y\u0131l\u0131ndan bu yana tecr\u00fcbemiz ve \u00fcst\u00fcn hizmet anlay\u0131\u015f\u0131m\u0131z ile hep daha iyisini sunmaktay\u0131z\n<\/p>\n                                <\/div>                                \n                            <\/li><li>\n                                <div class='icon-container ' data-animate='zoomIn'>\n                                    <i class='fa fa-check-circle' ><\/i>\n                                <\/div>\n                                <div class='li-content'>\n                                    <h4>G\u00fcler y\u00fczl\u00fc hizmet<\/h4>\n                                    <p>\"%100 M\u00fc\u015fteri Memnuniyeti\" odakl\u0131 kadromuz ile size daha iyi hizmet sunmaktay\u0131z\n<\/p>\n                                <\/div>                                \n                            <\/li><li>\n                                <div class='icon-container ' data-animate='zoomIn'>\n                                    <i class='fa fa-check-circle' ><\/i>\n                                <\/div>\n                                <div class='li-content'>\n                                    <h4>G\u00fcvenlik &amp; Hassasiyet<\/h4>\n                                    <p>B\u00fcnyesinde oldu\u011fumuz Aile Grubu Ortak \u015eirketlerimiz ile size daha g\u00fcvenli ve rahat bir yolculuk sunabilmek  i\u00e7in t\u00fcm bak\u0131m onar\u0131m ve gerekli i\u015flemler titizlik i\u00e7erisinde yap\u0131lmaktad\u0131r.\n<\/p>\n                                <\/div>                                \n                            <\/li><\/ul><\/div><div class='col-md-7 ' style='' ><div class='clearfix'><\/div><\/div><\/div><\/section><\/section>","protected":false},"excerpt":{"rendered":"","protected":false},"author":1,"featured_media":0,"parent":0,"menu_order":0,"comment_status":"closed","ping_status":"closed","template":"","meta":{"om_disable_all_campaigns":false,"inline_featured_image":false,"_mi_skip_tracking":false,"footnotes":""},"aioseo_notices":[],"_links":{"self":[{"href":"http:\/\/jetglobe.com.tr\/index.php\/wp-json\/wp\/v2\/pages\/1705"}],"collection":[{"href":"http:\/\/jetglobe.com.tr\/index.php\/wp-json\/wp\/v2\/pages"}],"about":[{"href":"http:\/\/jetglobe.com.tr\/index.php\/wp-json\/wp\/v2\/types\/page"}],"author":[{"embeddable":true,"href":"http:\/\/jetglobe.com.tr\/index.php\/wp-json\/wp\/v2\/users\/1"}],"replies":[{"embeddable":true,"href":"http:\/\/jetglobe.com.tr\/index.php\/wp-json\/wp\/v2\/comments?post=1705"}],"version-history":[{"count":10,"href":"http:\/\/jetglobe.com.tr\/index.php\/wp-json\/wp\/v2\/pages\/1705\/revisions"}],"predecessor-version":[{"id":1747,"href":"http:\/\/jetglobe.com.tr\/index.php\/wp-json\/wp\/v2\/pages\/1705\/revisions\/1747"}],"wp:attachment":[{"href":"http:\/\/jetglobe.com.tr\/index.php\/wp-json\/wp\/v2\/media?parent=1705"}],"curies":[{"name":"wp","href":"https:\/\/api.w.org\/{rel}","templated":true}]}}