{"id":1279,"date":"2018-01-03T23:27:51","date_gmt":"2018-01-03T20:27:51","guid":{"rendered":"http:\/\/jetglobe.com.tr\/?page_id=1279"},"modified":"2023-07-23T16:09:00","modified_gmt":"2023-07-23T13:09:00","slug":"bombardier-60xr","status":"publish","type":"page","link":"http:\/\/jetglobe.com.tr\/index.php\/bombardier-60xr\/","title":{"rendered":"BOMBARDIER LEARJET60XR"},"content":{"rendered":"<section class='page-content' style=''  ><section class='container'><div class='row' style=''><div class='col-md-12 ' style='' ><div class='triggerAnimation animated' data-animate='flash' ><div class='custom-heading'>\n                            <h2>BOMBARDIER LEARJET60XR<\/h2>                            \n                        <\/div><\/div><div class='nivo-wrapper'><div class='nivoSlider' data-manual='1' data-pause='3000' data-navigation='1' data-pause-hover='1'><img src='http:\/\/jetglobe.com.tr\/wp-content\/uploads\/2022\/01\/TCINF-EXT1-2-scaled.jpg' alt='slider image' title='#htmlcaption-0'\/><img src='http:\/\/jetglobe.com.tr\/wp-content\/uploads\/2022\/01\/TCINF-EXT1-1-scaled.jpg' alt='slider image' title='#htmlcaption-1'\/><img src='http:\/\/jetglobe.com.tr\/wp-content\/uploads\/2022\/01\/TCINF-EXT1-3-scaled.jpg' alt='slider image' title='#htmlcaption-2'\/><img src='http:\/\/jetglobe.com.tr\/wp-content\/uploads\/2022\/01\/TCINF-EXT1-4-scaled.jpg' alt='slider image' title='#htmlcaption-3'\/><img src='http:\/\/jetglobe.com.tr\/wp-content\/uploads\/2022\/01\/TCINF-EXT1-5-scaled.jpg' alt='slider image' title='#htmlcaption-4'\/><img src='http:\/\/jetglobe.com.tr\/wp-content\/uploads\/2022\/01\/TCINF-EXT1-6-scaled.jpg' alt='slider image' title='#htmlcaption-5'\/><\/div><div id='htmlcaption-0' class='nivo-html-caption'>TCINF EXT1 (2)<\/div><div id='htmlcaption-1' class='nivo-html-caption'>TCINF EXT1 (1)<\/div><div id='htmlcaption-2' class='nivo-html-caption'>TCINF EXT1 (3)<\/div><div id='htmlcaption-3' class='nivo-html-caption'>TCINF EXT1 (4)<\/div><div id='htmlcaption-4' class='nivo-html-caption'>TCINF EXT1 (5)<\/div><div id='htmlcaption-5' class='nivo-html-caption'>TCINF EXT1 (6)<\/div><\/div><div class='cma-wysiwyg-editor'><p>Learjet 60 XR, geni\u015f i\u00e7 kabinine sahip, h\u0131zl\u0131 ve u\u00e7u\u015f performans\u0131 olarak y\u00fcksek ve verimli bir u\u00e7akt\u0131r.<br \/>\u00dcss\u00fc, \u0130stanbul Atat\u00fcrk Havaliman\u0131 olan TC-INF, siz de\u011ferli m\u00fc\u015fterilerimize orta menzilli ve keyifle ger\u00e7ekle\u015ftirece\u011finiz u\u00e7u\u015flar\u0131n\u0131z i\u00e7in haz\u0131rd\u0131r.<\/p><p>Yap\u0131m Y\u0131l\u0131 : 2007<br \/>Yolcu Kapasitesi : 6<br \/>Maksimum Menzil : 4658 MIL<br \/>Kabin Y\u00fcksekli\u011fi : 1.74 M<br \/>Kabin Uzunlu\u011fu : 5.3 M<br \/>Kabin Geni\u015fli\u011fi : 1.8 M<br \/>Bagaj Kapasitesi : 24 FT\u00b3<br \/>Kanat A\u00e7\u0131kl\u0131\u011f\u0131 : 13.4 M<\/p><p><\/p><\/div><ul class='company-timeline clearfix'><li>\n                            <div class='icon-date-container'>\n                                <i class='fa fa-calendar'><\/i>\n                            <\/div>\n\n                            <div class='timeline-item-details'>\n                                <h3><span class='year'>2007<\/span> Bombardier LearJet60XR<\/h3>\n\n                                <p>Bombardier LearJet60XR<\/p>\n                            <\/div>\n                        <\/li><\/ul><\/div><\/div><\/section><\/section>","protected":false},"excerpt":{"rendered":"","protected":false},"author":1,"featured_media":0,"parent":0,"menu_order":0,"comment_status":"closed","ping_status":"closed","template":"","meta":{"om_disable_all_campaigns":false,"inline_featured_image":false,"_mi_skip_tracking":false,"footnotes":""},"aioseo_notices":[],"_links":{"self":[{"href":"http:\/\/jetglobe.com.tr\/index.php\/wp-json\/wp\/v2\/pages\/1279"}],"collection":[{"href":"http:\/\/jetglobe.com.tr\/index.php\/wp-json\/wp\/v2\/pages"}],"about":[{"href":"http:\/\/jetglobe.com.tr\/index.php\/wp-json\/wp\/v2\/types\/page"}],"author":[{"embeddable":true,"href":"http:\/\/jetglobe.com.tr\/index.php\/wp-json\/wp\/v2\/users\/1"}],"replies":[{"embeddable":true,"href":"http:\/\/jetglobe.com.tr\/index.php\/wp-json\/wp\/v2\/comments?post=1279"}],"version-history":[{"count":6,"href":"http:\/\/jetglobe.com.tr\/index.php\/wp-json\/wp\/v2\/pages\/1279\/revisions"}],"predecessor-version":[{"id":1344,"href":"http:\/\/jetglobe.com.tr\/index.php\/wp-json\/wp\/v2\/pages\/1279\/revisions\/1344"}],"wp:attachment":[{"href":"http:\/\/jetglobe.com.tr\/index.php\/wp-json\/wp\/v2\/media?parent=1279"}],"curies":[{"name":"wp","href":"https:\/\/api.w.org\/{rel}","templated":true}]}}